   
{"id":11105,"date":"2012-08-09T12:28:12","date_gmt":"2012-08-09T12:28:12","guid":{"rendered":"https:\/\/www.geneticmatrix.com\/home\/"},"modified":"2020-09-20T04:49:57","modified_gmt":"2020-09-20T04:49:57","slug":"home","status":"publish","type":"page","link":"https:\/\/www.gmtxdev.com\/es\/","title":{"rendered":"Home"},"content":{"rendered":"<div id=\"content\">\r\n  <?php\r\n\r\n $lang = (ICL_LANGUAGE_CODE =='pt-pt') ? 'pt': ICL_LANGUAGE_CODE;\r\n  if (isset($_SESSION['client_id'])) {\r\n    $logged = 1;\r\n} else {\r\n    $logged = 0;\r\n} ?>\r\n<div style=\"width: 717px; margin: auto !important;\">\r\n<div class=\"left content_line\"><\/div>\r\n<\/div>\r\n<div class=\"clear\"><\/div>\r\n<div class=\"content_topboxs_outer\" style=\"width: 717px; margin-top: -40px;\">&gt;\r\n<!--\r\n<div class=\"content_topboxs left red\" style=\"\/*width: auto;*\/\"> -->\r\n<!--?php \/\/echo do_shortcode('[celebritySearchBox]');?-->\r\n<!--\r\n<h3 class=\"order__heading\">Order Your Reading<\/h3>\r\n-->\r\n<!--\r\n<div class=\"home_page_diagrams\">\r\n<div>\r\n\r\n<button type=\"submit\" class=\"services_circle\" onclick=\"location.href='<?php echo home_url();?>\/complete-foundation-service\/'\">\r\n\r\nFoundation Reading\r\n\r\n<\/button><\/div>\r\n<div class=\"second_line services_square_one\">\r\n\r\n<button type=\"submit\" class=\"services_square services_lightBlue\" onclick=\"location.href='<?php echo home_url();?>\/solar-return-reading\/'\">\r\n\r\nSolar Return Reading\r\n\r\n<\/button><\/div>\r\n<div class=\"second_line services_square_two\">\r\n\r\n<button type=\"submit\" class=\"services_square services_yellow\" onclick=\"location.href='<?php echo home_url();?>\/connection-reading\/'\">\r\n\r\nConnection Reading\r\n\r\n<\/button><\/div>\r\n<\/div>\r\n<span><a href=\"https:\/\/www.geneticmatrixtest.com\/es\/servicios\/\" class=\"_morelink\">More<\/a><\/span><\/div>\r\n-->\r\n<div class=\"content_topboxs left red ct_chart\" style=\"margin-top: -10px !important;\"><object id=\"svgObject\" style=\"margin-top: 8px;\" data=\"\/wp-content\/themes\/twentyten\/assets\/chart_svg.php?chart_id=0&amp;ver=0&amp;type=freeNowAstro&amp;lvl=3&lang=<?php echo $lang;?>&page=home\" type=\"image\/svg+xml\" width=\"100%\" height=\"100%\" align=\"middle\"><\/object><\/div>\r\n<div class=\"clear\"><\/div>\r\n<\/div>\r\n<div class=\"l_content left\">\r\n<div class=\"l_content_why_total\">\r\n<h3>\u00bfQu\u00e9 m\u00e1s aprender\u00e9 ?<\/h3>\r\n<div class=\"l_content_why\">\r\n<div class=\"l_content_why_padd\"><img class=\"alignleft size-full wp-image-11131\" src=\"\/wp-content\/uploads\/2012\/08\/Human-design-front4.jpg\" alt=\"human-design-system\" width=\"208\" height=\"137\" \/><\/div>\r\n<\/div>\r\nSi estudiaras tu vida a trav\u00e9s de una lupa, \u00bfqu\u00e9 ver\u00edas? \u00bfTe sientes atrapado en el mismo patr\u00f3n con tus relaciones? \u00bfEl mismo trabajo? \u00bfSimplemente no puedes lograr los cambios que quieres y nada parece funcionar?<a href=\"<?php echo get_permalink(apply_filters( 'wpml_object_id',683, 'page', false, ICL_LANGUAGE_CODE)); ?>\">Leer m\u00e1s<\/a>\r\n\r\n<\/div>\r\n<div class=\"clear\"><\/div>\r\n<div class=\"l_content_why_total\">\r\n<h3>Dise\u00f1o Humano tiene las respuestas para ti.<\/h3>\r\n<div class=\"l_content_why\">\r\n<div class=\"l_content_why_padd\"><img class=\"alignleft size-full wp-image-11130\" src=\"\/wp-content\/uploads\/2012\/08\/Human-design-front3.jpg\" alt=\"human-design-system\" width=\"208\" height=\"137\" \/><\/div>\r\n<\/div>\r\nTodos enfrentamos distintas pruebas y dificultades que pueden parecer no tener fin. Para la mayor\u00eda de las personas, estar vivo se trata de \u201ctratar de entender\u201d; aprender a \u201cvivir conforme a las reglas\u201d; tratando de \u201cpensar las cosas de manera l\u00f3gica\u201d, todo para tratar de obtener un poco de alegr\u00eda y paz mental.<a href=\"<?php echo get_permalink(apply_filters( 'wpml_object_id',685, 'page', false, ICL_LANGUAGE_CODE)); ?>\">Leer m\u00e1s<\/a>\r\n\r\n<\/div>\r\n<div class=\"clear\"><\/div>\r\n<div class=\"clear\"><\/div>\r\n<\/div>\r\n<div class=\"r_content right\"><\/div>\r\n<div class=\"r_content right\">[people]<\/div>\r\n<div class=\"r_content right\"><\/div>\r\n<div class=\"clear\"><\/div>\r\n<\/div>\r\n","protected":false},"excerpt":{"rendered":"<p>&gt;<\/p>\n","protected":false},"author":1,"featured_media":0,"parent":0,"menu_order":0,"comment_status":"closed","ping_status":"closed","template":"template-home.php","meta":{"footnotes":""},"class_list":["post-11105","page","type-page","status-publish","hentry","entry"],"_links":{"self":[{"href":"https:\/\/www.gmtxdev.com\/es\/wp-json\/wp\/v2\/pages\/11105","targetHints":{"allow":["GET"]}}],"collection":[{"href":"https:\/\/www.gmtxdev.com\/es\/wp-json\/wp\/v2\/pages"}],"about":[{"href":"https:\/\/www.gmtxdev.com\/es\/wp-json\/wp\/v2\/types\/page"}],"author":[{"embeddable":true,"href":"https:\/\/www.gmtxdev.com\/es\/wp-json\/wp\/v2\/users\/1"}],"replies":[{"embeddable":true,"href":"https:\/\/www.gmtxdev.com\/es\/wp-json\/wp\/v2\/comments?post=11105"}],"version-history":[{"count":0,"href":"https:\/\/www.gmtxdev.com\/es\/wp-json\/wp\/v2\/pages\/11105\/revisions"}],"wp:attachment":[{"href":"https:\/\/www.gmtxdev.com\/es\/wp-json\/wp\/v2\/media?parent=11105"}],"curies":[{"name":"wp","href":"https:\/\/api.w.org\/{rel}","templated":true}]}}