   
{"id":13342,"date":"2020-11-02T07:31:09","date_gmt":"2020-11-02T07:31:09","guid":{"rendered":"https:\/\/www.geneticmatrixtest.com\/?page_id=13342"},"modified":"2020-11-02T07:31:09","modified_gmt":"2020-11-02T07:31:09","slug":"profil-3-6","status":"publish","type":"page","link":"https:\/\/www.gmtxdev.com\/de\/profil-3-6\/","title":{"rendered":"Profil 3\/6"},"content":{"rendered":"<div id=\"content\">\r\n<div class=\"breadcam\"><a href=\"\/\">Zuhause<\/a> \u00bb <a href=\"\/de\/centro-de-informacoes\/\">Centro De Informacoes<\/a> \u00bb <a href=\"\/Profil 3\/6 \/\">12 Profile<\/a> \u00bb Profil 3\/6 <\/div>\r\n<div class=\"l_content left mar_top\">\r\n<div class=\"services\">\r\n<h2>Profil 3\/6<\/h2>\r\n<ul>\r\n \t<li>Das 3\/6-Profil macht 2,19 % der Bev\u00f6lkerung aus<\/li>\r\n \t<li>Einige der W\u00f6rter, die sich auf das Profil 3\/6 beziehen, sind:<\/li>\r\n<\/ul>\r\n<h3>Bewusste Pers\u00f6nlichkeit<\/h3>\r\n<table class=\"personality\" border=\"1\" width=\"650\" cellspacing=\"0\" cellpadding=\"0\">\r\n<tbody>\r\n<tr>\r\n<td>M\u00e4rtyrer<\/td>\r\n<td>Anarchist<\/td>\r\n<td>Anpassungsf\u00e4hig<\/td>\r\n<\/tr>\r\n<tr>\r\n<td>Entdeckung<\/td>\r\n<td>Optimist\/Pessimist<\/td>\r\n<td>Verbindung hergestellt\/Verbindung gebrochen<\/td>\r\n<\/tr>\r\n<tr>\r\n<td>Versuch und Irrtum<\/td>\r\n<td>Experimentell<\/td>\r\n<td>Positive\/negative Unf\u00e4lle<\/td>\r\n<\/tr>\r\n<tr>\r\n<td>Kreativer Antrieb<\/td>\r\n<td>Instabil<\/td>\r\n<td>Mutativ<\/td>\r\n<\/tr>\r\n<\/tbody>\r\n<\/table>\r\n<h3>Unbewusstes Design<\/h3>\r\n<table class=\"personality\" border=\"1\" width=\"650\" cellspacing=\"0\" cellpadding=\"0\">\r\n<tbody>\r\n<tr>\r\n<td>Rollenmodell<\/td>\r\n<td>Administrator<\/td>\r\n<td>Pessimistisch\/optimistisch<\/td>\r\n<\/tr>\r\n<tr>\r\n<td>Ziel<\/td>\r\n<td>Seelenverwandter oder nicht<\/td>\r\n<td>Vertrauen oder nicht<\/td>\r\n<\/tr>\r\n<tr>\r\n<td>Die Autorit\u00e4t<\/td>\r\n<td>Freistehend<\/td>\r\n<td>Distanziert<\/td>\r\n<\/tr>\r\n<tr>\r\n<td>Hoffnung<\/td>\r\n<td>\u00dcbergang<\/td>\r\n<td>Beobachter\/Beobachteter<\/td>\r\n<\/tr>\r\n<\/tbody>\r\n<\/table>\r\n<h3><a href=\"\/human-design-people-by-profile-3-6.html\">Andere Personen mit dem Profil 3\/6<\/a><\/h3>\r\n<div class=\"personality_img\">\r\n<ul>\r\n \t<li><img src=\"https:\/\/www.geneticmatrix.com\/wp-content\/themes\/twentyten\/images\/people\/Stiller Ben - Picture.JPG\" alt=\"img\" width=\"115\" height=\"157\" \/><\/li>\r\n \t<li><img src=\"https:\/\/www.geneticmatrix.com\/wp-content\/themes\/twentyten\/images\/people\/Wahlberg Mark P.jpg\" alt=\"img\" width=\"115\" height=\"157\" \/><\/li>\r\n \t<li><img src=\"https:\/\/www.geneticmatrix.com\/wp-content\/themes\/twentyten\/images\/people\/Nightingale Florence - Picture.jpg\" alt=\"img\" width=\"115\" height=\"157\" \/><\/li>\r\n \t<li><img src=\"https:\/\/www.geneticmatrix.com\/wp-content\/themes\/twentyten\/images\/people\/Richards Keith.jpg\" alt=\"img\" width=\"115\" height=\"157\" \/><\/li>\r\n \t<li><img src=\"https:\/\/www.geneticmatrix.com\/wp-content\/themes\/twentyten\/images\/people\/Lee Brenda - P.jpg\" alt=\"img\" width=\"115\" height=\"157\" \/><\/li>\r\n \t<li><img src=\"https:\/\/www.geneticmatrix.com\/wp-content\/themes\/twentyten\/images\/people\/Abetti Giorgio - P.jpg\" alt=\"img\" width=\"115\" height=\"157\" \/><\/li>\r\n<\/ul>\r\n<\/div>\r\n<\/div>\r\n<\/div>\r\n<div class=\"r_content right mar_top\"><\/div>\r\n<div class=\"clear\"><\/div>\r\n<\/div>","protected":false},"excerpt":{"rendered":"<p>Zuhause \u00bb Centro De Informacoes \u00bb 12 Profile \u00bb Profil 3\/6 Profil 3\/6 Das 3\/6-Profil macht 2,19 % der Bev\u00f6lkerung aus Einige der W\u00f6rter, die sich auf das Profil 3\/6 beziehen, sind: Bewusste Pers\u00f6nlichkeit M\u00e4rtyrer Anarchist Anpassungsf\u00e4hig Entdeckung Optimist\/Pessimist Verbindung hergestellt\/Verbindung gebrochen Versuch und Irrtum Experimentell Positive\/negative Unf\u00e4lle Kreativer Antrieb Instabil Mutativ Unbewusstes Design Rollenmodell&hellip; <a class=\"more-link\" href=\"https:\/\/www.gmtxdev.com\/de\/profil-3-6\/\"><span class=\"screen-reader-text\">Profil 3\/6<\/span> weiterlesen<\/a><\/p>\n","protected":false},"author":1,"featured_media":0,"parent":0,"menu_order":0,"comment_status":"closed","ping_status":"closed","template":"","meta":{"footnotes":""},"class_list":["post-13342","page","type-page","status-publish","hentry","entry"],"_links":{"self":[{"href":"https:\/\/www.gmtxdev.com\/de\/wp-json\/wp\/v2\/pages\/13342","targetHints":{"allow":["GET"]}}],"collection":[{"href":"https:\/\/www.gmtxdev.com\/de\/wp-json\/wp\/v2\/pages"}],"about":[{"href":"https:\/\/www.gmtxdev.com\/de\/wp-json\/wp\/v2\/types\/page"}],"author":[{"embeddable":true,"href":"https:\/\/www.gmtxdev.com\/de\/wp-json\/wp\/v2\/users\/1"}],"replies":[{"embeddable":true,"href":"https:\/\/www.gmtxdev.com\/de\/wp-json\/wp\/v2\/comments?post=13342"}],"version-history":[{"count":0,"href":"https:\/\/www.gmtxdev.com\/de\/wp-json\/wp\/v2\/pages\/13342\/revisions"}],"wp:attachment":[{"href":"https:\/\/www.gmtxdev.com\/de\/wp-json\/wp\/v2\/media?parent=13342"}],"curies":[{"name":"wp","href":"https:\/\/api.w.org\/{rel}","templated":true}]}}