   
{"id":13338,"date":"2020-11-02T07:17:05","date_gmt":"2020-11-02T07:17:05","guid":{"rendered":"https:\/\/www.geneticmatrixtest.com\/?page_id=13338"},"modified":"2020-11-02T07:17:05","modified_gmt":"2020-11-02T07:17:05","slug":"profil-3-5","status":"publish","type":"page","link":"https:\/\/www.gmtxdev.com\/de\/profil-3-5\/","title":{"rendered":"Profil 3\/5"},"content":{"rendered":"<div id=\"content\">\r\n<div class=\"breadcam\"><a href=\"\/\">Zuhause<\/a> \u00bb <a href=\"\/de\/centro-de-informacoe\/\">Centro De Informacoes<\/a> \u00bb <a href=\"\/Profil 3\/5 \/\">12 Profile <\/a>\u00bb Profil 3\/5 <\/div>\r\n<div class=\"l_content left mar_top\">\r\n<div class=\"services\">\r\n<h2>Profil 3\/5<\/h2>\r\n<ul>\r\n \t<li>Das 3\/5-Profil macht 14,27% der Bev\u00f6lkerung aus<\/li>\r\n \t<li>Einige der W\u00f6rter, die sich auf das Profil 3\/5 beziehen, sind:<\/li>\r\n<\/ul>\r\n<h3>Bewusste Pers\u00f6nlichkeit<\/h3>\r\n<table class=\"personality\" border=\"1\" width=\"650\" cellspacing=\"0\" cellpadding=\"0\">\r\n<tbody>\r\n<tr>\r\n<td>M\u00e4rtyrer<\/td>\r\n<td>Anarchist<\/td>\r\n<td>Anpassungsf\u00e4hig<\/td>\r\n<\/tr>\r\n<tr>\r\n<td>Entdeckung<\/td>\r\n<td>Optimist\/Pessimist<\/td>\r\n<td>Verbindung hergestellt\/Verbindung gebrochen<\/td>\r\n<\/tr>\r\n<tr>\r\n<td>Versuch und Irrtum<\/td>\r\n<td>Experimentell<\/td>\r\n<td>Positive\/negative Unf\u00e4lle<\/td>\r\n<\/tr>\r\n<tr>\r\n<td>Kreativer Antrieb<\/td>\r\n<td>Instabil<\/td>\r\n<td>Mutativ<\/td>\r\n<\/tr>\r\n<\/tbody>\r\n<\/table>\r\n<h3>Unbewusstes Design<\/h3>\r\n<table class=\"personality\" border=\"1\" width=\"650\" cellspacing=\"0\" cellpadding=\"0\">\r\n<tbody>\r\n<tr>\r\n<td>Universalisierung<\/td>\r\n<td>Ketzer<\/td>\r\n<td>Der General<\/td>\r\n<\/tr>\r\n<tr>\r\n<td>Erl\u00f6ser<\/td>\r\n<td>Attraktiv<\/td>\r\n<td>Der Meister<\/td>\r\n<\/tr>\r\n<tr>\r\n<td>Projiziert auf das Unsichtbare<\/td>\r\n<td>Erwartungen<\/td>\r\n<td>Der Arrangierer<\/td>\r\n<\/tr>\r\n<tr>\r\n<td>Der Heilige<\/td>\r\n<td>Distributor\/Hamsterer<\/td>\r\n<td>Verf\u00fchrer\/Verf\u00fchrter<\/td>\r\n<\/tr>\r\n<\/tbody>\r\n<\/table>\r\n<h3><a href=\"\/human-design-people-by-profile-3-5.html\">Andere Personen mit einem 3\/5 Profil<\/a><\/h3>\r\n<div class=\"personality_img\">\r\n<ul>\r\n \t<li><img src=\"https:\/\/www.geneticmatrix.com\/wp-content\/themes\/twentyten\/images\/people\/Presley-Elvis-Picture.jpg\" alt=\"img\" width=\"115\" height=\"157\" \/><\/li>\r\n \t<li><img src=\"https:\/\/www.geneticmatrix.com\/wp-content\/themes\/twentyten\/images\/people\/Roberts Julia - Picture.JPG\" alt=\"img\" width=\"115\" height=\"157\" \/><\/li>\r\n \t<li><a href=\"https:\/\/www.geneticmatrix.com\/born-max-human-design-chart.html\"><img class=\"alignnone size-full wp-image-13340\" title=\"Max Born\" src=\"https:\/\/www.geneticmatrix.com\/wp-content\/uploads\/2012\/09\/Born-Max.jpg\" alt=\"\" width=\"118\" height=\"157\" \/><\/a><\/li>\r\n \t<li><img src=\"https:\/\/www.geneticmatrix.com\/wp-content\/themes\/twentyten\/images\/people\/Greta Garbo - Pic.jpg\" alt=\"img\" width=\"115\" height=\"157\" \/><\/li>\r\n \t<li><img src=\"https:\/\/www.geneticmatrix.com\/wp-content\/themes\/twentyten\/images\/people\/David Bowie Picture.jpg\" alt=\"img\" width=\"115\" height=\"157\" \/><\/li>\r\n \t<li><img src=\"https:\/\/www.geneticmatrix.com\/wp-content\/themes\/twentyten\/images\/people\/Paganini Nicolo - Picture.jpg\" alt=\"img\" width=\"115\" height=\"157\" \/><\/li>\r\n \t<li><img src=\"https:\/\/www.geneticmatrix.com\/wp-content\/themes\/twentyten\/images\/people\/Nelson Admiral Lord - Picture.jpg\" alt=\"img\" width=\"115\" height=\"157\" \/><\/li>\r\n \t<li><img src=\"https:\/\/www.geneticmatrix.com\/wp-content\/themes\/twentyten\/images\/people\/Churchill Winston - Picture.jpg\" alt=\"img\" width=\"115\" height=\"157\" \/><\/li>\r\n \t<li><img src=\"https:\/\/www.geneticmatrix.com\/wp-content\/themes\/twentyten\/images\/people\/Hurley Elizabeth P.jpg\" alt=\"img\" width=\"115\" height=\"157\" \/><\/li>\r\n<\/ul>\r\n<\/div>\r\n<\/div>\r\n<\/div>\r\n<div class=\"r_content right mar_top\"><\/div>\r\n<div class=\"clear\"><\/div>\r\n<\/div>","protected":false},"excerpt":{"rendered":"<p>Zuhause \u00bb Centro De Informacoes \u00bb 12 Profile \u00bb Profil 3\/5 Profil 3\/5 Das 3\/5-Profil macht 14,27% der Bev\u00f6lkerung aus Einige der W\u00f6rter, die sich auf das Profil 3\/5 beziehen, sind: Bewusste Pers\u00f6nlichkeit M\u00e4rtyrer Anarchist Anpassungsf\u00e4hig Entdeckung Optimist\/Pessimist Verbindung hergestellt\/Verbindung gebrochen Versuch und Irrtum Experimentell Positive\/negative Unf\u00e4lle Kreativer Antrieb Instabil Mutativ Unbewusstes Design Universalisierung Ketzer&hellip; <a class=\"more-link\" href=\"https:\/\/www.gmtxdev.com\/de\/profil-3-5\/\"><span class=\"screen-reader-text\">Profil 3\/5<\/span> weiterlesen<\/a><\/p>\n","protected":false},"author":1,"featured_media":0,"parent":0,"menu_order":0,"comment_status":"closed","ping_status":"closed","template":"","meta":{"footnotes":""},"class_list":["post-13338","page","type-page","status-publish","hentry","entry"],"_links":{"self":[{"href":"https:\/\/www.gmtxdev.com\/de\/wp-json\/wp\/v2\/pages\/13338","targetHints":{"allow":["GET"]}}],"collection":[{"href":"https:\/\/www.gmtxdev.com\/de\/wp-json\/wp\/v2\/pages"}],"about":[{"href":"https:\/\/www.gmtxdev.com\/de\/wp-json\/wp\/v2\/types\/page"}],"author":[{"embeddable":true,"href":"https:\/\/www.gmtxdev.com\/de\/wp-json\/wp\/v2\/users\/1"}],"replies":[{"embeddable":true,"href":"https:\/\/www.gmtxdev.com\/de\/wp-json\/wp\/v2\/comments?post=13338"}],"version-history":[{"count":0,"href":"https:\/\/www.gmtxdev.com\/de\/wp-json\/wp\/v2\/pages\/13338\/revisions"}],"wp:attachment":[{"href":"https:\/\/www.gmtxdev.com\/de\/wp-json\/wp\/v2\/media?parent=13338"}],"curies":[{"name":"wp","href":"https:\/\/api.w.org\/{rel}","templated":true}]}}