   
{"id":13305,"date":"2020-10-28T12:47:38","date_gmt":"2020-10-28T12:47:38","guid":{"rendered":"https:\/\/www.geneticmatrixtest.com\/?page_id=13305"},"modified":"2020-10-28T12:47:38","modified_gmt":"2020-10-28T12:47:38","slug":"human-design-das-selbst-g-zentrum","status":"publish","type":"page","link":"https:\/\/www.gmtxdev.com\/de\/human-design-das-selbst-g-zentrum\/","title":{"rendered":"Human Design \u2013 Das Selbst (G) Zentrum"},"content":{"rendered":"<div id=\"content\">\r\n<div class=\"test_page\">\r\n<div class=\"breadcam\"><a href=\"\/\">Zuhause<\/a> \u00bb <a href=\"\/de\/centro-de-informacoes\/\">Centro De Informacoes<\/a> \u00bb<a href=\"\/Human Design \u2013 Das Selbst (G) Zentrum\/\">9 Zentren<\/a> \u00bb Human Design \u2013 Das Selbst (G) Zentrum<\/div>\r\n<\/div>\r\n<div class=\"l_content left mar_top\">\r\n<div class=\"services\">\r\n<h3><strong>Human Design \u2013 Das Selbst (G) Zentrum<\/strong><\/h3>\r\n<ul>\r\n \t<li>Das G Zentrum ist die Heimat des Magnetischen Monopols.<\/li>\r\n \t<li>Das Magnetische Monopol ist die treibende Kraft unseres K\u00f6rpers.<\/li>\r\n<\/ul>\r\n<div><a href=\"https:\/\/www.geneticmatrix.com\/wp-content\/uploads\/2020\/07\/G-Center-Image.jpg\"><img class=\"alignnone wp-image-13307 size-medium\" src=\"https:\/\/www.geneticmatrixtest.com\/wp-content\/uploads\/2020\/03\/user-36844-247x300.png\" alt=\"\" width=\"279\" height=\"300\" \/><\/a><\/div>\r\n<!--\r\n<div class=\"gcen right\">Bewegen Sie Ihre Maus \u00fcber die Bilder<\/div>\r\n-->\r\n<div class=\"clear\"><\/div>\r\n<div class=\"services\">\r\n<div class=\"right gall_sys\">\r\n<h3>Die Biologie<\/h3>\r\n<ul>\r\n \t<li>Vier der acht Tore im G Zentrum sind Teil des Kollektiv-Kreislaufs (logisch\/ (7,15) abstrakt (13,46).<\/li>\r\n \t<li>Zwei der acht Tore im G Zentrum sind Teil des Individual-Kreislaufs (1,2).<\/li>\r\n \t<li>Eines der acht Tore im G Zentrum hat eine Doppelrolle (10). Je nach den aktiven Toren, die sich an dieses Tor anschlie\u00dfen, ist das 10. Tor Teil des Zentral-Kreislaufs und des Integrierungs-Netzwerkes.<\/li>\r\n \t<li>Die <a href=\"https:\/\/en.wikipedia.org\/wiki\/Liver\" target=\"_new\" rel=\"noopener noreferrer\">Leber<\/a> ist ein extrem komplexes und lebenswichtiges Organ, das f\u00fcr die Beseitigung von Giftstoffen aus unserem K\u00f6rper verantwortlich ist.<\/li>\r\n \t<li>Die Leber ist auch verantwortlich f\u00fcr die Verarbeitung und \u00c4nderung der absorbierten N\u00e4hrstoffe, die wir f\u00fcr unser \u00dcberleben ben\u00f6tigen (<a href=\"https:\/\/en.wikipedia.org\/wiki\/Proteins\" target=\"_new\" rel=\"noopener noreferrer\">(Proteine,<\/a>, <a href=\"https:\/\/en.wikipedia.org\/wiki\/Fat\" target=\"_new\" rel=\"noopener noreferrer\">Fette,<\/a>, <a href=\"https:\/\/en.wikipedia.org\/wiki\/Carbohydrates\" target=\"_new\" rel=\"noopener noreferrer\">Kohlenhydrate,<\/a>, <a href=\"https:\/\/en.wikipedia.org\/wiki\/Steroid_hormones\" target=\"_new\" rel=\"noopener noreferrer\">Steriodhormone<\/a>, <a href=\"https:\/\/en.wikipedia.org\/wiki\/Antibodies\" target=\"_new\" rel=\"noopener noreferrer\">Antik\u00f6rper<\/a> und<a href=\"https:\/\/en.wikipedia.org\/wiki\/Bile\" target=\"_new\" rel=\"noopener noreferrer\">Galle<\/a> (Galle).<\/li>\r\n \t<li>Das <a href=\"https:\/\/en.wikipedia.org\/wiki\/Blood\" target=\"_new\" rel=\"noopener noreferrer\">Blut<\/a> ist eine spezialisierte K\u00f6rperfl\u00fcssigkeit, die notwendige Substanzen an die <a href=\"https:\/\/en.wikipedia.org\/wiki\/Cell_%28biology%29\" target=\"_new\" rel=\"noopener noreferrer\">Zellen<\/a>.<\/li>\r\n<\/ul>\r\n<\/div>\r\n<div class=\"clear\"><\/div>\r\n<h3>Nur einige der Schl\u00fcsselw\u00f6rter, die mit dem G Zentrum und seinen verbunden sind,<a href=\"\/human-design-gates\/\">Toren<\/a>sind:<\/h3>\r\n<table class=\"personality\" border=\"1\" width=\"650\" cellspacing=\"0\" cellpadding=\"0\">\r\n<tbody>\r\n<tr>\r\n<td>Die Heimat des magnetischen Monopols<\/td>\r\n<td>Das 10., 15., 25. und 46. Tor sind alle Tore der Liebe.<\/td>\r\n<td>Identit\u00e4t<\/td>\r\n<\/tr>\r\n<tr>\r\n<td>Selbst<\/td>\r\n<td>Einleitung<\/td>\r\n<td>F\u00fchrung<\/td>\r\n<\/tr>\r\n<tr>\r\n<td>Kreativit\u00e4t<\/td>\r\n<td>Thema des 13. Tores<\/td>\r\n<td>Reflexion<\/td>\r\n<\/tr>\r\n<tr>\r\n<td>Unschuld<\/td>\r\n<td>Bestimmung<\/td>\r\n<td>Empf\u00e4nglichkeit<\/td>\r\n<\/tr>\r\n<tr>\r\n<td>Treibende Kraft<\/td>\r\n<td>Trotz<\/td>\r\n<td>Extreme<\/td>\r\n<\/tr>\r\n<tr>\r\n<td>Wechselnde Rhythmen<\/td>\r\n<td>15. Tor<\/td>\r\n<td>Verhalten<\/td>\r\n<\/tr>\r\n<\/tbody>\r\n<\/table>\r\n<\/div>\r\n<\/div>\r\n<\/div>\r\n<div class=\"r_content right mar_top\"><\/div>\r\n<div class=\"clear\"><\/div>\r\n<\/div>","protected":false},"excerpt":{"rendered":"<p>Zuhause \u00bb Centro De Informacoes \u00bb9 Zentren \u00bb Human Design \u2013 Das Selbst (G) Zentrum Human Design \u2013 Das Selbst (G) Zentrum Das G Zentrum ist die Heimat des Magnetischen Monopols. Das Magnetische Monopol ist die treibende Kraft unseres K\u00f6rpers. Die Biologie Vier der acht Tore im G Zentrum sind Teil des Kollektiv-Kreislaufs (logisch\/ (7,15)&hellip; <a class=\"more-link\" href=\"https:\/\/www.gmtxdev.com\/de\/human-design-das-selbst-g-zentrum\/\"><span class=\"screen-reader-text\">Human Design \u2013 Das Selbst (G) Zentrum<\/span> weiterlesen<\/a><\/p>\n","protected":false},"author":1,"featured_media":0,"parent":0,"menu_order":0,"comment_status":"closed","ping_status":"closed","template":"","meta":{"footnotes":""},"class_list":["post-13305","page","type-page","status-publish","hentry","entry"],"_links":{"self":[{"href":"https:\/\/www.gmtxdev.com\/de\/wp-json\/wp\/v2\/pages\/13305","targetHints":{"allow":["GET"]}}],"collection":[{"href":"https:\/\/www.gmtxdev.com\/de\/wp-json\/wp\/v2\/pages"}],"about":[{"href":"https:\/\/www.gmtxdev.com\/de\/wp-json\/wp\/v2\/types\/page"}],"author":[{"embeddable":true,"href":"https:\/\/www.gmtxdev.com\/de\/wp-json\/wp\/v2\/users\/1"}],"replies":[{"embeddable":true,"href":"https:\/\/www.gmtxdev.com\/de\/wp-json\/wp\/v2\/comments?post=13305"}],"version-history":[{"count":0,"href":"https:\/\/www.gmtxdev.com\/de\/wp-json\/wp\/v2\/pages\/13305\/revisions"}],"wp:attachment":[{"href":"https:\/\/www.gmtxdev.com\/de\/wp-json\/wp\/v2\/media?parent=13305"}],"curies":[{"name":"wp","href":"https:\/\/api.w.org\/{rel}","templated":true}]}}