   
{"id":13254,"date":"2020-10-26T12:38:20","date_gmt":"2020-10-26T12:38:20","guid":{"rendered":"https:\/\/www.geneticmatrixtest.com\/?page_id=13254"},"modified":"2020-10-26T12:38:20","modified_gmt":"2020-10-26T12:38:20","slug":"menschliches-design-herzzentrum","status":"publish","type":"page","link":"https:\/\/www.gmtxdev.com\/de\/menschliches-design-herzzentrum\/","title":{"rendered":"Menschliches Design \u2013 Herzzentrum"},"content":{"rendered":"<div id=\"content\">\r\n<div class=\"test_page\">\r\n<div class=\"breadcam\"><a href=\"\/\">Home<\/a> \u00bb <a href=\"\/de\/centro-de-informacoeser\/\">Centro De Informacoes<\/a> \u00bb<a href=\"\/Menschliches Design \u2013 Herzzentrum\/\">9 Zentren<\/a> \u00bb Menschliches Design \u2013 Herzzentrum<\/div>\r\n<\/div>\r\n<div class=\"l_content left mar_top\">\r\n<div class=\"services\">\r\n<h3><strong>Menschliches Design \u2013 Herzzentrum<\/strong><\/h3>\r\n<ul>\r\n \t<li>30% der Weltbev\u00f6lkerung haben ein definiertes Herzzentrum.<\/li>\r\n \t<li>70% der Weltbev\u00f6lkerung haben ein undefiniertes Herzzentrum.<\/li>\r\n \t<li>Das Herzzentrum ist ein Antriebszentrum (Ego\/Willenskraft\/Energie). Es hat die F\u00e4higkeit fortzufahren, wenn alle anderen Formen der Energie ersch\u00f6pft sind.<\/li>\r\n \t<li>Drei der vier Tore im Herzzentrum sind Teil des Abstammungs-Kreislaufes.<\/li>\r\n \t<li>Das andere Tor ist Teil des Zentral-Kreislaufs (51).<\/li>\r\n<\/ul>\r\n&nbsp;\r\n<div><a href=\"https:\/\/www.geneticmatrix.com\/wp-content\/uploads\/2020\/07\/Heart-Image.jpg\"><img class=\"alignnone size-full wp-image-13255\" src=\"https:\/\/www.geneticmatrix.com\/wp-content\/uploads\/2020\/07\/Heart-Image.jpg\" alt=\"\" width=\"279\" height=\"257\" \/><\/a><\/div>\r\n<!--\r\n<div class=\"heartcen right\">Bewegen Sie Ihre Maus \u00fcber die Bilder<\/div>\r\n-->\r\n<div class=\"clear\"><\/div>\r\n<div class=\"services\">\r\n<div class=\"right gall_sys\">\r\n<ul>\r\n \t<li>1 \u2013 Der<a href=\"https:\/\/en.wikipedia.org\/wiki\/Heart\" target=\"_new\" rel=\"noopener noreferrer\">Herzmuskel<\/a> st das Organ, das f\u00fcr das Pumpen von Blut durch unsere Blutgef\u00e4\u00dfe verantwortlich ist.<\/li>\r\n \t<li>2 \u2013 Die <a href=\"https:\/\/en.wikipedia.org\/wiki\/Gall_bladder\">Gallenblase<\/a> st ein kleines Organ, dessen Funktion im K\u00f6rper darin besteht, Gallenfl\u00fcssigkeit als Hilfe f\u00fcr den Verdauungsprozess zu speichern.<\/li>\r\n \t<li>3 \u2013 Die <a href=\"https:\/\/en.wikipedia.org\/wiki\/Thymus_gland\">Thymusdr\u00fcse<\/a>ist ein Organ, das Hormone absondert, die die Produktion bestimmter infektionsbek\u00e4mpfender Zellen stimulieren. Dieses Organ ist von zentraler Bedeutung bei der Reifung von <a href=\"https:\/\/en.wikipedia.org\/wiki\/T_cells\">T-Zellen.<\/a>.<\/li>\r\n \t<li>4 \u2013 <a href=\"https:\/\/en.wikipedia.org\/wiki\/Stomach_acid\"> Magens\u00e4ure<\/a> st eines der wichtigsten Sekrete des <a href=\"https:\/\/en.wikipedia.org\/wiki\/Stomach\">Magens.<\/a>.<\/li>\r\n<\/ul>\r\n<\/div>\r\n<div class=\"clear\"><\/div>\r\n<h3>Einige der Schl\u00fcsselw\u00f6rter, die mit dem Herzzentrum und seinen verbunden sind, <a href=\"\/human-design-gates\/\">Toren<\/a> sind:<\/h3>\r\n<table class=\"personality\" border=\"1\" width=\"650\" cellspacing=\"0\" cellpadding=\"0\">\r\n<tbody>\r\n<tr>\r\n<td>Ego<\/td>\r\n<td>Willenskraft<\/td>\r\n<td>Schock<\/td>\r\n<\/tr>\r\n<tr>\r\n<td>Humor<\/td>\r\n<td>Steuerung<\/td>\r\n<td>Schn\u00e4ppchen\/Deals<\/td>\r\n<\/tr>\r\n<tr>\r\n<td>Liebe zur Arbeit<\/td>\r\n<td>Selbstwertgef\u00fchl<\/td>\r\n<td>Geld<\/td>\r\n<\/tr>\r\n<tr>\r\n<td>Einsamkeit<\/td>\r\n<td>Verweigerung<\/td>\r\n<td>Erholung<\/td>\r\n<\/tr>\r\n<tr>\r\n<td>Manipulation<\/td>\r\n<td>Mut<\/td>\r\n<td>Tollk\u00fchnheit<\/td>\r\n<\/tr>\r\n<tr>\r\n<td>Einkaufen<\/td>\r\n<td>Bem\u00fchen<\/td>\r\n<td>Spannung<\/td>\r\n<\/tr>\r\n<tr>\r\n<td>Ruhepause<\/td>\r\n<td>Initiative<\/td>\r\n<td>Herrschaft<\/td>\r\n<\/tr>\r\n<tr>\r\n<td>Familie<\/td>\r\n<td>Wettbewerbsf\u00e4higkeit<\/td>\r\n<td>Ged\u00e4chtnis<\/td>\r\n<\/tr>\r\n<tr>\r\n<td>L\u00fcgen\/Wahrheit<\/td>\r\n<td>Verkaufstalent<\/td>\r\n<td>Gesch\u00e4ftsf\u00fchrer<\/td>\r\n<\/tr>\r\n<\/tbody>\r\n<\/table>\r\n<\/div>\r\n<\/div>\r\n<\/div>\r\n<div class=\"r_content right mar_top\"><\/div>\r\n<div class=\"clear\"><\/div>\r\n<\/div>","protected":false},"excerpt":{"rendered":"<p>Home \u00bb Centro De Informacoes \u00bb9 Zentren \u00bb Menschliches Design \u2013 Herzzentrum Menschliches Design \u2013 Herzzentrum 30% der Weltbev\u00f6lkerung haben ein definiertes Herzzentrum. 70% der Weltbev\u00f6lkerung haben ein undefiniertes Herzzentrum. Das Herzzentrum ist ein Antriebszentrum (Ego\/Willenskraft\/Energie). Es hat die F\u00e4higkeit fortzufahren, wenn alle anderen Formen der Energie ersch\u00f6pft sind. Drei der vier Tore im Herzzentrum&hellip; <a class=\"more-link\" href=\"https:\/\/www.gmtxdev.com\/de\/menschliches-design-herzzentrum\/\"><span class=\"screen-reader-text\">Menschliches Design \u2013 Herzzentrum<\/span> weiterlesen<\/a><\/p>\n","protected":false},"author":1,"featured_media":0,"parent":0,"menu_order":0,"comment_status":"closed","ping_status":"closed","template":"","meta":{"footnotes":""},"class_list":["post-13254","page","type-page","status-publish","hentry","entry"],"_links":{"self":[{"href":"https:\/\/www.gmtxdev.com\/de\/wp-json\/wp\/v2\/pages\/13254","targetHints":{"allow":["GET"]}}],"collection":[{"href":"https:\/\/www.gmtxdev.com\/de\/wp-json\/wp\/v2\/pages"}],"about":[{"href":"https:\/\/www.gmtxdev.com\/de\/wp-json\/wp\/v2\/types\/page"}],"author":[{"embeddable":true,"href":"https:\/\/www.gmtxdev.com\/de\/wp-json\/wp\/v2\/users\/1"}],"replies":[{"embeddable":true,"href":"https:\/\/www.gmtxdev.com\/de\/wp-json\/wp\/v2\/comments?post=13254"}],"version-history":[{"count":0,"href":"https:\/\/www.gmtxdev.com\/de\/wp-json\/wp\/v2\/pages\/13254\/revisions"}],"wp:attachment":[{"href":"https:\/\/www.gmtxdev.com\/de\/wp-json\/wp\/v2\/media?parent=13254"}],"curies":[{"name":"wp","href":"https:\/\/api.w.org\/{rel}","templated":true}]}}