   
{"id":13217,"date":"2020-10-26T06:30:37","date_gmt":"2020-10-26T06:30:37","guid":{"rendered":"https:\/\/www.geneticmatrixtest.com\/?page_id=13217"},"modified":"2021-03-24T12:39:39","modified_gmt":"2021-03-24T12:39:39","slug":"human-design-reflektor","status":"publish","type":"page","link":"https:\/\/www.gmtxdev.com\/de\/human-design-reflektor\/","title":{"rendered":"Human Design - Reflektor"},"content":{"rendered":"<div id=\"content\">\r\n<div class=\"test_page\">\r\n<div class=\"breadcam\"><a href=\"\/\">Zuhause<\/a> \u00bb <a href=\"\/de\/centro-de-informacoes\/\">Centro De Informacoes<\/a> \u00bb<a href=\"\/Human Design - Reflektor\/\">Typen<\/a> \u00bb Human Design - Reflektor<\/div>\r\n<\/div>\r\n<div class=\"l_content left mar_top\">\r\n<div class=\"services\">\r\n<h3><strong>Human Design - Reflektor<\/strong><\/h3>\r\n<ul>\r\n \t<li style=\"list-style-type: none;\">\r\n<ul>\r\n \t<li>Reflektoren machen 1 % der Weltbev\u00f6lkerung aus.<\/li>\r\n \t<li>Der Reflektor leitet seinen Namen von der Natur seiner reflektierenden Aura ab.<\/li>\r\n<\/ul>\r\n<\/li>\r\n<\/ul>\r\n<a href=\"https:\/\/www.geneticmatrix.com\/wp-content\/uploads\/2012\/09\/Site-Reflector.png\"><img class=\"alignnone size-full wp-image-13248\" title=\"Human Design Reflector\" src=\"https:\/\/www.geneticmatrix.com\/wp-content\/uploads\/2012\/09\/Site-Reflector.png\" alt=\"\" width=\"557\" height=\"465\" \/><\/a>\r\n<ul>\r\n \t<li>Die Reflektor-Aura widersteht, mustert und reflektiert andere Auren.<\/li>\r\n \t<li>Der Reflektor ist ein weiser Beobachter des Lebens mit einem gro\u00dfen Geschenk, andere Menschen zu lesen.<\/li>\r\n \t<li>Reflektor muss einen vollen Mondzyklus abwarten, bevor er wichtige Entscheidungen f\u00fcr sein Leben trifft.<\/li>\r\n \t<li>Reflektoren haben aufgrund ihrer Offenheit die M\u00f6glichkeit f\u00fcr ein mystisches Leben.<\/li>\r\n \t<li>F\u00fcr den Reflektor ist es von gro\u00dfer Bedeutung, die perfekte Umgebung zu finden, in der er leben kann (Unterkunft, Gemeinschaft) und unterst\u00fctzende Menschen, mit denen er leben kann.<\/li>\r\n \t<li>Reflektoren sollten sich der t\u00e4glichen Transite der Planeten bewusst sein, um die Auswirkungen zu sehen, die sie auf sie an diesen Tag haben.<\/li>\r\n \t<li>Der zuverl\u00e4ssigste Aspekt des Reflektor-Designs ist seine Profil- und Motivationsfarbe.<\/li>\r\n \t<li>Andere Menschen werden immer Aspekte von sich selbst sehen, wenn sie einen Reflektor treffen.<\/li>\r\n \t<li>Reflektoren haben keine aktivierten Zentren in ihrem K\u00f6rper.<\/li>\r\n \t<li>Reflektoren reflektieren die Energie und die Emotionen, die von transitierenden Planeten und ihrer Umgebung kommen.<\/li>\r\n \t<li>Reflektoren sollen das Herzst\u00fcck ihrer Gemeinschaft sein. Sie wissen genau, wann eine Gemeinschaft richtig funktioniert und wann nicht.<\/li>\r\n<\/ul>\r\n<\/div>\r\n\r\n<hr \/>\r\n\r\n<div class=\"pure_gen_outer\">\r\n<div class=\"pure_generators left\">\r\n<h3>Der Reflektor im Detail<\/h3>\r\nDer Reflektor tr\u00e4gt ein au\u00dfergew\u00f6hnliches Human Design. Sie machen nur 1 % der Weltbev\u00f6lkerung aus und unterscheiden sich v\u00f6llig von der Art und Weise, wie die anderen 99 % der Menschen funktionieren.\r\n\r\n&nbsp;\r\n\r\nReflektoren haben keine Energie- oder Bewusstseinszentren eingeschaltet und bei der Geburt aktiviert. Jedes Zentrum in seinem Design ist komplett wei\u00df. Infolgedessen geben sie eine Illusion \u00fcber sich selbst ab, die nichts damit zu tun hat, wer sie wirklich sind.\r\n\r\n&nbsp;\r\n\r\nAuf den ersten Blick scheint es, mit all diesen inaktiven Zentren, dass ein Reflektor st\u00e4ndig die Energien und Emotionen anderer V\u00f6lker aufnimmt. Ohne verl\u00e4ssliche Muster.\r\n\r\n&nbsp;\r\n\r\nWenn wir \u00fcber irgendeine andere Art von Menschen sprechen w\u00fcrden, w\u00e4re dies in der Tat der Fall. Ein offenes inaktiviertes Zentrum ist immer anf\u00e4llig f\u00fcr die Auswirkungen anderer Menschen.\r\n\r\n&nbsp;\r\n\r\nAber der grundlegende Unterschied zu einem Reflektor ist die Natur ihrer elektromagnetischen Aura. Unsere menschliche Aura repr\u00e4sentiert das ganzheitliche Energiefeld, das jeden einzelnen von uns einzigartig umgibt. Diese Aura ist unsere pers\u00f6nliche elektromagnetische Signatur und erz\u00e4hlt jedem Lebewesen um uns herum, worum es uns geht. Diese Aura erstreckt sich bis zu 3 Meter um den gesamten Umfang unseres K\u00f6rpers. Eine Aura zu haben gibt uns auch die M\u00f6glichkeit, die Aura anderer Menschen zu lesen und zu interpretieren.\r\n\r\n&nbsp;\r\n\r\nDie Reflektor-Aura ist eine \"resistente\" Aura, die zwei Dinge auf eine einzigartige Weise ausf\u00fchrt. Erstens probiert oder \"schmeckt\" er die Aura der Menschen um sich herum, indem er nur ein kleines St\u00fcck von dem, was er erh\u00e4lt, einnimmt. Zweitens spiegelt er alles wider, was er von der anderen Person erh\u00e4lt.\r\n\r\n&nbsp;\r\n\r\nDiese widerstandsf\u00e4hige Aura wirkt als Schutzmechanismus f\u00fcr den Reflektor. Schutz davor, von Emotionen \u00fcberw\u00e4ltigt zu sein und Energien von anderen Menschen um ihn herum.\r\n\r\n&nbsp;\r\n\r\nEs ist auch das, was den Reflektor f\u00fcr den Rest von uns wie ein Cham\u00e4leon erscheinen l\u00e4sst. Ein Cham\u00e4leon, das sich einfach mit allem vermischt, was um ihn herum ist. Reflektoren werden zu ihrer Umgebung. Sie tun dies ganz nat\u00fcrlich, f\u00fchlen sich aber oft f\u00fcr andere dadurch unsichtbar.\r\n\r\n&nbsp;\r\n\r\nAndere Menschen werden immer Aspekte von sich selbst sehen, wenn sie einen Reflektor treffen. So m\u00fcssen Reflektoren wissen, mit wem sie in einer Beziehung stehen.\r\n\r\n&nbsp;\r\n\r\nEin Reflektor sollte darauf achten, dass sie mit anderen Menschen interagieren, um zu sehen, welche negativen und positiven Aspekte diese Menschen in eine Beziehung bringen.\r\n\r\n&nbsp;\r\n\r\nWenn die Person mit dem Reflektor positiv und gl\u00fccklich ist, wird der Reflektor dies widerspiegeln. Aber wenn sie korrupt oder manipulativ sind, dann werden sie auch dieses Verhalten widerspiegeln!\r\n\r\n&nbsp;\r\n\r\nSo sollten Reflektoren einige Zeit damit verbringen, sich dessen bewusst zu werden, was sie eigentlich sind und was sie reflektieren. Es wird einige \u00dcbung ben\u00f6tigen und erst im Laufe der Zeit werden sie ihr wahres Selbst kennenlernen.\r\n\r\n&nbsp;\r\n\r\nReflektoren laufen in einer sch\u00fctzenden aurischen \"Blase\" herum, die sich \u00fcberhaupt nicht tief mit anderen Menschen verbindet. Und das macht pers\u00f6nliche Beziehungen f\u00fcr Reflektoren schwieriger als f\u00fcr den Rest von uns. Die Aura, die dem Reflektor am n\u00e4chsten kommt, ist die Manifestor-Aura.\r\n\r\n&nbsp;\r\n\r\nDer Manifestor \u201cprobiert\u201d und \u201creflektiert\u201d nicht die Aura anderer Menschen, die er \u201cabweist\u201d. Doch genau wie der Reflektor ist die Manifestor-Aura als widerstandsf\u00e4higes Schutzschild vor den Auren anderer Menschen konzipiert.\r\n\r\n&nbsp;\r\n<h3>Die Planeten<\/h3>\r\nEin wichtiger Faktor, der Reflektoren wirklich unterscheidet, ist die tiefgreifende Wirkung der Bewegung der Planeten auf ihr t\u00e4gliches Leben. Vor dieser Abwehr kann sie ihre widerstandsf\u00e4hige Aura nicht sch\u00fctzen.\r\n\r\n&nbsp;\r\n\r\nDie Planeten, die ihre regul\u00e4ren Umlaufbahnen durchqueren, aktivieren und deaktivieren st\u00e4ndig Tore in all unseren Designs. Aber nur Reflektoren sp\u00fcren diese Effekte tief.\r\n\r\n&nbsp;\r\n\r\nNicht-Reflektoren erhalten nur einen kleinen Vorgeschmack auf die Auswirkungen dieser transitierenden Planeten. Sie bekommen nur ein wenig von den Energien und Emotionen zu sp\u00fcren, die durch den Transit der Planeten erm\u00f6glicht werden.\r\n\r\n&nbsp;\r\n\r\nAber Reflektoren bekommen des volle Programm! Sie sp\u00fcren alle energetischen Auswirkungen der Planeten zutiefst.\r\n\r\n&nbsp;\r\n\r\nEinige sagen, dass dies das Wichtigste ist, wof\u00fcr Reflektoren wirklich hier sind. Sie sind hier, um uns alle die vollen menschlichen Auswirkungen der Bewegung der Planeten auf einer kontinuierlichen Basis zu zeigen.\r\n\r\n&nbsp;\r\n\r\nToraktivierungen, die \u00fcber andere Personen innerhalb der Reflektor-Aura kommen, haben kaum Auswirkungen auf Reflektoren. Aber Toraktivierungen, die \u00fcber andere Personen innerhalb der restlichen Typen kommen, haben einen gro\u00dfen Einfluss auf sie. In \u00e4hnlicher Weise haben die Planetenbewegungen eine begrenzte und flache Wirkung auf Nicht-Reflektoren, aber einen gro\u00dfen Effekt auf Reflektoren.\r\n\r\n&nbsp;\r\n\r\nReflektoren arbeiten v\u00f6llig anders als die anderen 99% der Welt.\r\n\r\n&nbsp;\r\n<h3>Entscheidungen<\/h3>\r\nReflektoren haben keinen Entscheidungsbereich in sich, auf den sie sich verlassen k\u00f6nnen.\r\n\r\n&nbsp;\r\n\r\nGeneratoren k\u00f6nnen sich bei der Entscheidungsfindung auf ihr sakrales Zentrum verlassen Menschen mit Entscheidungsbefugnis des Milzzentrums k\u00f6nnen sich auf die Spontaneit\u00e4t ihrer Entscheidungen verlassen. Diejenigen mit einem aktivierten Solar Plexus Zentrum m\u00fcssen auf absolute Klarheit durch ihre emotionale Welle warten, bevor sie eine Entscheidung treffen, aber sie k\u00f6nnen sich immer noch darauf verlassen, dass sie f\u00fcr sie da ist. Selbst Menschen mit Herz- oder Selbstzentren, die ihre Entscheidungen durchsetzen, haben einen zuverl\u00e4ssigen, wenn auch empfindlicheren Mechanismus. Aber Reflektoren? Sie haben \u00fcberhaupt keine Zentrums-Aktivierungen. Wie sollen Reflektoren verl\u00e4ssliche Entscheidungen f\u00fcr ihr Leben treffen?\r\n\r\n&nbsp;\r\n\r\nReflektoren haben, einzigartig, eine sehr enge Beziehung zum Mond. Sie leben in einer ganz eigenen Zeitzone. Es ist eine Mondzyklus-Zeitzone. Es ist diese N\u00e4he zum Mond, die dem Reflektor die F\u00e4higkeit bietet, Entscheidungen zuverl\u00e4ssig zu treffen. Aber um richtig zu sein, muss der Reflektor den gesamten 28-t\u00e4gigen Mondzyklus abwarten, bevor er eine Entscheidung trifft. Und das ist nat\u00fcrlich eine sehr schwierige Sache!\r\n\r\n&nbsp;\r\n\r\nAber es ist wichtig, dass sich die Reflektoren nicht \u00fcberst\u00fcrzt entscheiden. Wenn jemand zum ersten Mal herausfindet, dass er ein Reflektor ist, sollte er damit beginnen, anderen Menschen zu erkl\u00e4ren, dass es nicht gesund ist, wenn sie in ihrem Prozess \u00fcberst\u00fcrzt werden.\r\n\r\n&nbsp;\r\n\r\nEs ist auch hilfreich f\u00fcr Reflektoren, den t\u00e4glichen Transit der Planeten und die Auswirkungen, die dies auf sie f\u00fcr diesen Tag haben wird, zu \u00fcberwachen. Das t\u00e4gliche Transitdiagramm zeigt die Toraktivierungen aller Menschen f\u00fcr diesen Tag als Ergebnis der aktuellen Position der Planeten. Diese Aktivierungen (abh\u00e4ngig von den beteiligten Toren) k\u00f6nnen Zentren aktivieren, Kan\u00e4le bilden oder einem vorhandenen Zentrum zus\u00e4tzliche aktive Tore hinzuf\u00fcgen.\r\n\r\n&nbsp;\r\n\r\nWenn also das Tagesdiagramm das eines Manifestors ist, dann zeigt es, wer der Reflektor sein wird. Oder ein Generator oder ein Projektor.\r\n\r\n&nbsp;\r\n\r\nReflektoren k\u00f6nnen dies wirklich zu ihrem Vorteil nutzen. Wenn der Reflektor rechtzeitig auf die Transitdiagramme f\u00fcr die kommenden Tage schaut, wird er genau wissen, wie energetisch er sich f\u00fchlen wird oder nicht. So k\u00f6nnen sie ihre Manifestor, Generator und Manifestierender Generator Tage w\u00e4hlen, wenn sie wirklich produktiv sein m\u00fcssen! Und vielleicht nicht so viel auf die Projektor-Tage legen.\r\n\r\n&nbsp;\r\n\r\nDas Wichtigste, woran sich der Reflektor erinnern muss, ist, dass dieser Transit nicht das ist, was sie wirklich sind, sondern nur reflektieren. Der zuverl\u00e4ssigste Aspekt einer Reflektoren-Pers\u00f6nlichkeit wird ihr Profil und die motivierende Farbe sein. Diese Aspekte des Reflektors werden nicht durch Transitplaneten oder Menschen beeinflusst, die sich in und aus der Reflektor-Aura bewegen.\r\n\r\n&nbsp;\r\n\r\nReflektoren werden es auch hilfreich finden, mit anderen zu sprechen und objektiv auf das Feedback w\u00e4hrend ihres 28-t\u00e4gigen Prozesses zu h\u00f6ren, in dem sie eine Entscheidung treffen. Sie sollten auch versuchen, das gleiche Gespr\u00e4ch mit verschiedenen Menschen zu f\u00fchren, um die unterschiedlichen Antworten und M\u00f6glichkeiten jeder Situation zu sehen.\r\n\r\n&nbsp;\r\n\r\nVier der wichtigsten Entscheidungen, die ein Reflektor im Leben richtig treffen muss, sind:\r\n\r\n&nbsp;\r\n\r\n- Wo sie leben\r\n\r\n- Mit wem sie leben\r\n\r\n- Wo sie arbeiten\r\n\r\n- Mit wem sie arbeiten\r\n\r\n&nbsp;\r\n\r\nSie spiegeln die Gemeinschaft und die Gesundheit der Gemeinschaft und den Umgebung um sie herum wider.\r\n\r\n&nbsp;\r\n\r\nWenn die Gemeinschaft, in der sie leben, unterst\u00fctzend und n\u00e4hrend ist, werden sie aufbl\u00fchen und gedeihen. Wenn nicht, kann das Leben f\u00fcr den Reflektor sehr entt\u00e4uschend werden.\r\n\r\n&nbsp;\r\n\r\nWenn Reflektoren ihre menschlichen Entw\u00fcrfe wirklich beherrschen, haben sie die Chance, die kl\u00fcgsten und objektivsten Menschen unter uns zu werden.\r\n\r\n&nbsp;\r\n\r\n<!--<a href=\"\/human-design-services\/\"><img title=\"Unlock Your Potential - Click Here\" src=\"https:\/\/www.geneticmatrix.com\/wp-content\/uploads\/2012\/09\/gmkey.png\" alt=\"\" width=\"139\" height=\"69\" \/>\r\n<\/a>-->\r\n\r\n<\/div>\r\n<div class=\"right pure_generators_l\">\r\n<ul>\r\n \t<li><a href=\"https:\/\/www.geneticmatrix.com\/bullock-sandra-human-design-chart.html\"><img class=\"alignnone wp-image-13223\" title=\"Sandra Bullock - Reflector\" src=\"https:\/\/www.geneticmatrixtest.com\/wp-content\/uploads\/2012\/09\/Bullock-Sandra.jpg\" alt=\"\" width=\"180\" height=\"119\" \/><\/a><\/li>\r\n \t<li><\/li>\r\n \t<li><a href=\"https:\/\/www.geneticmatrix.com\/burton-richard-human-design-chart.html\"><img title=\"Richard Burton - Reflector\" src=\"https:\/\/www.geneticmatrix.com\/wp-content\/uploads\/\" alt=\"\" width=\"180\" height=\"119\" \/><\/a><\/li>\r\n \t<li><\/li>\r\n \t<li><a href=\"https:\/\/www.geneticmatrix.com\/dostoevsky-fyodor-human-design-chart.html\"><img class=\"alignnone wp-image-13224\" title=\"Fyodor Dostoevsky - Reflector\" src=\"https:\/\/www.geneticmatrixtest.com\/wp-content\/uploads\/2012\/09\/Dostoevsky-Fyodor.jpg\" alt=\"\" width=\"180\" height=\"119\" \/><\/a><\/li>\r\n \t<li><\/li>\r\n \t<li><\/li>\r\n \t<li><a href=\"https:\/\/www.geneticmatrix.com\/klinsmann-jurgen-human-design-chart.html\"><img class=\"alignnone wp-image-13225\" title=\"Jurgen Klinsmann - Reflector\" src=\"https:\/\/www.geneticmatrixtest.com\/wp-content\/uploads\/2012\/09\/Klinsmann-Jurgen.jpg\" alt=\"\" width=\"180\" height=\"119\" \/><\/a><\/li>\r\n \t<li><a href=\"https:\/\/www.geneticmatrix.com\/mendelssohn-felix-human-design-chart.html\"><img class=\"alignnone wp-image-13226\" title=\"Felix Mendelssohn - Reflector\" src=\"https:\/\/www.geneticmatrixtest.com\/wp-content\/uploads\/2012\/09\/Mendelssohn-Felix.jpg\" alt=\"\" width=\"180\" height=\"119\" \/><\/a><\/li>\r\n \t<li><a href=\"https:\/\/www.geneticmatrix.com\/boeing-william-human-design-chart.html\"><img class=\"alignnone wp-image-13227\" title=\"William Boeing - Reflector\" src=\"https:\/\/www.geneticmatrixtest.com\/wp-content\/uploads\/2012\/09\/William_Boeing1.jpg\" alt=\"\" width=\"180\" height=\"119\" \/><\/a><\/li>\r\n \t<li><a href=\"https:\/\/www.geneticmatrix.com\/henry-lenny-human-design-chart.html\"><img class=\"alignnone wp-image-13228\" title=\"Lenny Henry - Reflector\" src=\"https:\/\/www.geneticmatrixtest.com\/wp-content\/uploads\/2012\/09\/Henry-Lenny.jpg\" alt=\"\" width=\"180\" height=\"119\" \/><\/a><\/li>\r\n \t<li><a href=\"https:\/\/www.geneticmatrix.com\/springfield-dusty-human-design-chart.html\"><img class=\"alignnone wp-image-13229\" title=\"Dusty Springfield - Reflector\" src=\"https:\/\/www.geneticmatrixtest.com\/wp-content\/uploads\/2012\/09\/Springfield-Dusty.jpg\" alt=\"\" width=\"180\" height=\"119\" \/><\/a><\/li>\r\n \t<li><a href=\"https:\/\/www.geneticmatrix.com\/vidal-gore-human-design-chart.html\"><img class=\"alignnone wp-image-13230\" title=\"Gore Vidal - Reflector\" src=\"https:\/\/www.geneticmatrixtest.com\/wp-content\/uploads\/2012\/09\/Vidal-Gore.jpg\" alt=\"\" width=\"180\" height=\"119\" \/><\/a><\/li>\r\n \t<li><a href=\"https:\/\/www.geneticmatrix.com\/solzhenitsyn-aleksandr-human-design-chart.html\"><img class=\"alignnone wp-image-13231\" title=\"Aleksandr Solzhenitsyn - Reflector\" src=\"https:\/\/www.geneticmatrixtest.com\/wp-content\/uploads\/2012\/09\/Solzhenitsyn-Aleksandr-p.jpg\" alt=\"\" width=\"180\" height=\"119\" \/><\/a><\/li>\r\n \t<li><a href=\"https:\/\/www.geneticmatrix.com\/greene-graham-human-design-chart.html\"><img class=\"alignnone wp-image-13232\" title=\"Graham Greene - Reflector\" src=\"https:\/\/www.geneticmatrixtest.com\/wp-content\/uploads\/2012\/09\/Greene-Graham.jpg\" alt=\"\" width=\"180\" height=\"119\" \/><\/a><\/li>\r\n \t<li><a href=\"https:\/\/www.geneticmatrix.com\/dee-sandra-human-design-chart.html\"><img class=\"alignnone wp-image-13233\" title=\"Sandra Dee - Reflector\" src=\"https:\/\/www.geneticmatrixtest.com\/wp-content\/uploads\/2012\/09\/Dee-Sandra.jpg\" alt=\"\" width=\"180\" height=\"119\" \/><\/a><\/li>\r\n \t<li><a href=\"https:\/\/www.geneticmatrix.com\/wells-h_g-human-design-chart.html\"><img class=\"alignnone wp-image-13234\" title=\"H G Wells - Reflector\" src=\"https:\/\/www.geneticmatrixtest.com\/wp-content\/uploads\/2012\/09\/Wells-H-G.jpg\" alt=\"\" width=\"180\" height=\"119\" \/><\/a><\/li>\r\n \t<li><a href=\"https:\/\/www.geneticmatrix.com\/galway-james-human-design-chart.html\"><img class=\"alignnone wp-image-13235\" title=\"James Galway - Reflector\" src=\"https:\/\/www.geneticmatrixtest.com\/wp-content\/uploads\/2012\/09\/Galway-James.jpg\" alt=\"\" width=\"180\" height=\"119\" \/><\/a><\/li>\r\n \t<li><a href=\"https:\/\/www.geneticmatrix.com\/fields-w_c-human-design-chart.html\"><img class=\"alignnone wp-image-13236\" title=\"W C Fields - Reflector\" src=\"https:\/\/www.geneticmatrixtest.com\/wp-content\/uploads\/2012\/09\/Fields-W-C-.jpg\" alt=\"\" width=\"180\" height=\"119\" \/><\/a><\/li>\r\n \t<li><a href=\"https:\/\/www.geneticmatrix.com\/geller-uri-human-design-chart.html\"><img class=\"alignnone wp-image-13237\" title=\"Uri Geller - Reflector\" src=\"https:\/\/www.geneticmatrixtest.com\/wp-content\/uploads\/2012\/09\/Geller-Uri.jpg\" alt=\"\" width=\"180\" height=\"119\" \/><\/a><\/li>\r\n \t<li><a href=\"https:\/\/www.geneticmatrix.com\/aantjes-willem-human-design-chart.html\"><img class=\"alignnone wp-image-13238\" title=\"Willem Aantjes - Reflector\" src=\"https:\/\/www.geneticmatrixtest.com\/wp-content\/uploads\/2012\/09\/Aantjes-Willem.jpg\" alt=\"\" width=\"180\" height=\"119\" \/><\/a><\/li>\r\n \t<li><a href=\"https:\/\/www.geneticmatrix.com\/bernard-alain-human-design-chart.html\"><img class=\"alignnone wp-image-13239\" title=\"Alain Bernard - Reflector\" src=\"https:\/\/www.geneticmatrixtest.com\/wp-content\/uploads\/2012\/09\/Bernard-Alain.jpg\" alt=\"\" width=\"180\" height=\"119\" \/><\/a><\/li>\r\n \t<li><a href=\"https:\/\/www.geneticmatrix.com\/udet-ernst-human-design-chart.html\"><img class=\"alignnone wp-image-13240\" title=\"Ernst Udet - Reflector\" src=\"https:\/\/www.geneticmatrixtest.com\/wp-content\/uploads\/2012\/09\/Udet-Ernst.jpg\" alt=\"\" width=\"180\" height=\"119\" \/><\/a><\/li>\r\n \t<li><a href=\"https:\/\/www.geneticmatrix.com\/urich-robert-human-design-chart.html\"><img class=\"alignnone wp-image-13242\" title=\"Robert Urich - Reflector\" src=\"https:\/\/www.geneticmatrixtest.com\/wp-content\/uploads\/2012\/09\/Urich-Robert.jpg\" alt=\"\" width=\"180\" height=\"119\" \/><\/a><\/li>\r\n \t<li><a href=\"https:\/\/www.geneticmatrix.com\/vives_i_sicilia-joan_enric-human-design-chart.html\"><img class=\"alignnone wp-image-13243\" title=\"Joan Enric Vives i Sicilia - Reflector\" src=\"https:\/\/www.geneticmatrixtest.com\/wp-content\/uploads\/2012\/09\/silvia.jpg\" alt=\"\" width=\"180\" height=\"119\" \/><\/a><\/li>\r\n \t<li><a href=\"https:\/\/www.geneticmatrix.com\/aerts-jean-human-design-chart.html\"><img class=\"alignnone wp-image-13244\" title=\"Jean Aerts - Reflector\" src=\"https:\/\/www.geneticmatrixtest.com\/wp-content\/uploads\/2012\/09\/Aerts-Jean.jpg\" alt=\"\" width=\"180\" height=\"119\" \/><\/a><\/li>\r\n \t<li><a href=\"https:\/\/www.geneticmatrix.com\/marclay-christian-human-design-chart.html\"><img class=\"alignnone wp-image-13245\" title=\"Christian Marclay - Reflector\" src=\"https:\/\/www.geneticmatrixtest.com\/wp-content\/uploads\/2012\/09\/Marclay-Christian-.jpg\" alt=\"\" width=\"180\" height=\"119\" \/><\/a><\/li>\r\n \t<li><a href=\"https:\/\/www.geneticmatrix.com\/gauss-carl_friedrich-human-design-chart.html\"><img class=\"alignnone wp-image-13246\" title=\"Carl Friedrich Gauss - Reflector\" src=\"https:\/\/www.geneticmatrixtest.com\/wp-content\/uploads\/2012\/09\/Gauss-Carl-Friedrich.jpg\" alt=\"\" width=\"180\" height=\"119\" \/><\/a><\/li>\r\n \t<li><a href=\"https:\/\/www.geneticmatrix.com\/leoncavallo-ruggero-human-design-chart.html\"><img class=\"alignnone wp-image-13247\" title=\"Ruggero Leoncavallo\" src=\"https:\/\/www.geneticmatrixtest.com\/wp-content\/uploads\/2012\/09\/Leoncavallo-Ruggero.jpg\" alt=\"\" width=\"180\" height=\"119\" \/><\/a><\/li>\r\n \t<li><\/li>\r\n<\/ul>\r\n<div><span style=\"font-size: medium;\"><span style=\"line-height: 24px;\">\u00a0<\/span><\/span><\/div>\r\n<\/div>\r\n<\/div>\r\n<div class=\"right pure_generators_l\"><\/div>\r\n<\/div>\r\n<div class=\"right pure_generators_l\"><\/div>\r\n<div class=\"right pure_generators_l\"><\/div>\r\n<div class=\"right pure_generators_l\"><\/div>\r\n<div class=\"right pure_generators_l\"><\/div>\r\n<div class=\"right pure_generators_l\"><\/div>\r\n<div class=\"right pure_generators_l\"><\/div>\r\n<h4 class=\"right pure_generators_l\"><\/h4>\r\n<div class=\"clear\"><\/div>\r\n<\/div>\r\n<div><\/div>","protected":false},"excerpt":{"rendered":"<p>Zuhause \u00bb Centro De Informacoes \u00bbTypen \u00bb Human Design &#8211; Reflektor Human Design &#8211; Reflektor Reflektoren machen 1 % der Weltbev\u00f6lkerung aus. Der Reflektor leitet seinen Namen von der Natur seiner reflektierenden Aura ab. Die Reflektor-Aura widersteht, mustert und reflektiert andere Auren. Der Reflektor ist ein weiser Beobachter des Lebens mit einem gro\u00dfen Geschenk, andere&hellip; <a class=\"more-link\" href=\"https:\/\/www.gmtxdev.com\/de\/human-design-reflektor\/\"><span class=\"screen-reader-text\">Human Design &#8211; Reflektor<\/span> weiterlesen<\/a><\/p>\n","protected":false},"author":1,"featured_media":0,"parent":0,"menu_order":0,"comment_status":"closed","ping_status":"closed","template":"","meta":{"footnotes":""},"class_list":["post-13217","page","type-page","status-publish","hentry","entry"],"_links":{"self":[{"href":"https:\/\/www.gmtxdev.com\/de\/wp-json\/wp\/v2\/pages\/13217","targetHints":{"allow":["GET"]}}],"collection":[{"href":"https:\/\/www.gmtxdev.com\/de\/wp-json\/wp\/v2\/pages"}],"about":[{"href":"https:\/\/www.gmtxdev.com\/de\/wp-json\/wp\/v2\/types\/page"}],"author":[{"embeddable":true,"href":"https:\/\/www.gmtxdev.com\/de\/wp-json\/wp\/v2\/users\/1"}],"replies":[{"embeddable":true,"href":"https:\/\/www.gmtxdev.com\/de\/wp-json\/wp\/v2\/comments?post=13217"}],"version-history":[{"count":0,"href":"https:\/\/www.gmtxdev.com\/de\/wp-json\/wp\/v2\/pages\/13217\/revisions"}],"wp:attachment":[{"href":"https:\/\/www.gmtxdev.com\/de\/wp-json\/wp\/v2\/media?parent=13217"}],"curies":[{"name":"wp","href":"https:\/\/api.w.org\/{rel}","templated":true}]}}