   
{"id":13140,"date":"2020-10-24T13:44:53","date_gmt":"2020-10-24T13:44:53","guid":{"rendered":"https:\/\/www.geneticmatrixtest.com\/?page_id=13140"},"modified":"2021-03-22T11:57:11","modified_gmt":"2021-03-22T11:57:11","slug":"human-design-der-manifestierende-generator","status":"publish","type":"page","link":"https:\/\/www.gmtxdev.com\/de\/human-design-der-manifestierende-generator\/","title":{"rendered":"Human Design - Der Manifestierende Generator"},"content":{"rendered":"<div id=\"content\">\r\n<div class=\"test_page\">\r\n<div class=\"breadcam\"><a href=\"\/\">Zuhause<\/a> \u00bb <a href=\"\/de\/informationszentrum\/\">informationszentrum<\/a> \u00bb<a href=\"\/human-design-types\/\">Types<\/a> \u00bb Human Design - Der Manifestierende Generator<\/div>\r\n<\/div>\r\n<div class=\"l_content left mar_top\">\r\n<div class=\"services\">\r\n<div>\r\n<h3><strong>Human Design - Der Manifestierende Generator<\/strong><\/h3>\r\n<ul>\r\n \t<li>Manifestierende Generatoren machen 32% der Weltbev\u00f6lkerung aus.<\/li>\r\n \t<li>Manifestierende Generatoren sind so konzipiert, dass sie auf das Leben reagieren, bevor sie Energie einf\u00fchren.<\/li>\r\n \t<li>Der einzige reine Manifestierende Generator ist der, dessen Kan\u00e4le 20 - 34 aktiviert sind.<\/li>\r\n \t<li>Alle anderen Manifestierende Generatoren sind Generatoren mit Manifestierungsaspekten.<\/li>\r\n<\/ul>\r\n\r\n<hr \/>\r\n\r\n<a href=\"https:\/\/www.geneticmatrix.com\/wp-content\/uploads\/2012\/09\/MG.png\"><img class=\"alignnone size-full wp-image-13143\" title=\"Human Design - Manifesting Generator\" src=\"https:\/\/www.geneticmatrix.com\/wp-content\/uploads\/2012\/09\/MG.png\" alt=\"\" width=\"664\" height=\"487\" \/><\/a>\r\n\r\n<hr \/>\r\n\r\n<ul>\r\n \t<li>Der MG hat die sakrale Intelligenz, mit seiner Energie effizient zu sein.<\/li>\r\n \t<li>Effiziente Energienutzung bringt ein tiefes Gef\u00fchl der Zufriedenheit f\u00fcr einen MG.<\/li>\r\n \t<li>Die kraftvolle Energie des MG trifft auf erhebliche Widerstandsbarrieren, wenn sie geistig initiiert wird.<\/li>\r\n \t<li>Widerstand bringt tiefe Gef\u00fchle der Frustration und Wut f\u00fcr den MG.<\/li>\r\n \t<li>MGs sind als \u00e4u\u00dferst m\u00e4chtige Wesen konzipiert, wenn sie auf etwas reagieren.<\/li>\r\n \t<li>Volle sakrale Energie steht einem MG, der beschlossen hat, eine Aktion auf der Grundlage einer mentalen Entscheidung einzuleiten, nicht zur Verf\u00fcgung.<\/li>\r\n \t<li>Es gibt zwei verschiedene Varianten von innerer Autorit\u00e4t des MG-Typs <a title=\"Go to Sacral Center page\" href=\"https:\/\/www.geneticmatrix.com\/human-design-sacral-center\/\">Sakrale<\/a> and <a title=\"Go to Solar Plexus Center\" href=\"https:\/\/www.geneticmatrix.com\/human-design-solar-plexus-center\/\">emotionale.<\/a>.<\/li>\r\n \t<li>MGs wurden dazu geschaffen, ihre Energie auf eine pers\u00f6nlich befriedigende Weise zu betreiben, indem sie einzigartige kreative Baumeister werden, die von ihrer inneren Autorit\u00e4t geleitet werden.<\/li>\r\n \t<li>Vom Verstand geleitete MGs k\u00f6nnen zu den konditionierten Energiesklaven aller anderen werden.<\/li>\r\n<\/ul>\r\n<h3>Der Schlaf des Manifestierenden Generators<\/h3>\r\n<ul>\r\n \t<li>Um eine optimale sakrale Energieregeneration zu gew\u00e4hrleisten, m\u00fcssen MGs ins Bett gehen, bevor sie m\u00fcde sind (im Gegensatz zu Generatoren).<\/li>\r\n \t<li>Der MG muss den letzten Kraftstoff in seinem sakralen Zentrum nutzen und aussch\u00f6pfen, w\u00e4hrend er sich hinlegt und bevor er schlafen geht.<\/li>\r\n \t<li>Das Sakralzentrum des MGs wurde entwickelt, um sich w\u00e4hrend des Schlafes vollst\u00e4ndig zu regenerieren. Wie eine Batterie, die aufgeladen wird.<\/li>\r\n \t<li>Seine sakrale Batterie kann nur vor dem Schlafengehen aus einem ersch\u00f6pften Zustand richtig aufladen.<\/li>\r\n \t<li>Der MG sollte allein schlafen (niemand in ihrer Aura). Dies sorgt f\u00fcr eine gesunde Ausbalancierung des gesamten K\u00f6rpers \u00fcber Nacht.<\/li>\r\n<\/ul>\r\n<\/div>\r\n<div>\r\n\r\n<strong>32% der Weltbev\u00f6lkerung sind Manifestierende Generatoren.<\/strong>\r\n\r\nManifestierende Generatoren (MG) haben das gleiche genetische Kerndesign wie der Generatortyp.\r\n\r\n&nbsp;\r\n\r\nBeide Typen sind so konzipiert, dass sie durch ihr Sakralzentrum auf das Leben reagieren, bevor sie Energie einf\u00fchren.\r\n\r\n&nbsp;\r\n\r\nDie Belohnung daf\u00fcr, geduldig zu sein und auf das Leben zu reagieren, ist, dass sie ihr einzigartiges Leben bekommen.\r\n\r\n&nbsp;\r\n\r\nDie letztlich effizienteste und befriedigendste Art und Weise, ihre Energie zu verwenden, ist nat\u00fcrlich auf den Fluss des Lebens zu reagieren, der zum Manifestierenden Generator kommt.\r\n\r\n&nbsp;\r\n\r\nEssenz der wahren Spiritualit\u00e4t f\u00fcr einen Manifestierenden Generator ist es, darauf zu vertrauen, dass das Leben selbst seinen Plan f\u00fcr sie hat und dass es sich in seinem eigenen nat\u00fcrlichen Timing als etwas entfalten wird, f\u00fcr das sie einzigartig ger\u00fcstet sind.\r\n\r\n&nbsp;\r\n\r\nSie k\u00f6nnen die richtige Richtung ihres Lebens nicht kontrollieren, indem sie einen rationalen mentalen Entscheidungsansatz verwenden. Sein Geist wird ihn aktiv zu einem Leben f\u00fchren, das sich letztlich als unbefriedigend erweisen wird.\r\n\r\n&nbsp;\r\n\r\nDer Unterschied zwischen Generatoren und Manifestieren Generatoren ist, dass Manifestierende Generatoren gemacht wurden, um die Initiation sehr schnell zur Reaktion zu bewegen (es sei denn, sie sind emotionale Manifestierende Generatoren).\r\n\r\n&nbsp;\r\n\r\nDas sind die Menschen mit Durchhalteverm\u00f6gen. Das Sakralzentrum in ihrem K\u00f6rper ist der Schl\u00fcssel zu ihrer reinen Macht. Es schafft die lebenswichtige Lebenskraftenergie, die f\u00fcr das Handeln, lebendiges Leben, Tun und Schaffen erforderlich ist. Es ist auch das Zentrum unserer Sexualit\u00e4t und sorgt so f\u00fcr die Fortsetzung unserer Art.\r\n\r\n&nbsp;\r\n\r\nDie gr\u00f6\u00dfte Lektion f\u00fcr einen Generator ist es, zu lernen, auf das Leben vom Bauch heraus zu reagieren. Ja, sie haben Energie zu verbrennen. Energie, um alle Arten von Dingen zu erledigen. Aber k\u00f6nnen sie auf ihren Hinweis von der Welt warten?\r\n\r\n&nbsp;\r\n\r\nWenn sie k\u00f6nnen, dann werden alle Formen von Frustrationen aus ihrem Leben eliminiert und durch ein tiefes Gef\u00fchl der Zufriedenheit ersetzt. Indem man von selbst auf alles reagiert, was das Leben auf seine Weise sendet, wird das Leben zu einer freudigen und befriedigenden Erfahrung f\u00fcr alle Generatoren.\r\n\r\n&nbsp;\r\n\r\nGeneratoren initiieren in der Regel Ma\u00dfnahmen, weil sie Angst haben, dass sonst nichts passieren wird. Und das ist die Falle, die sie versklavt. Wenn der Generator den Mut hat zu warten, wird er sehr schnell lernen, dass diese Angst unbegr\u00fcndet ist.\r\n\r\n&nbsp;\r\n\r\nDie endlose Lebenskraftenergie, die der Generator in seinem sakralen Zentrum h\u00e4lt, ist wie ein superm\u00e4chtiger Magnet, der durch seine umh\u00fcllende Aura Gelegenheiten anzieht. Andere Menschen sehnen sich nach Zugang zu dieser riesigen Energieressource und der Generator muss nicht lange warten, bevor andere Leute beginnen, Zugang zu dieser Ressource zu erhalten.\r\n\r\n&nbsp;\r\n\r\nWenn der Generator darauf wartet, dass sich das Leben pr\u00e4sentiert, wird er wie ein magnetisches schwarzes Loch, das jeden und alles automatisch anzieht. Alle Dinge werden zum Generator in ihrem eigenen Timing kommen \u2013 er braucht keine Ma\u00dfnahmen zu initiieren, um zu versuchen, Dinge geschehen zu lassen. Alles, was f\u00fcr ihn entworfen wurde und f\u00fcr ihn richtig ist, wird automatisch angezogen. Arbeit, Beziehungen, Gl\u00fcck - alles.\r\n\r\n&nbsp;\r\n\r\nGeneratoren sind so konzipiert, dass sie im \"Jetzt\" mit dem Strom des Lebens flie\u00dfen und die Hinweise zum Handeln so nehmen, wie sie erscheinen. Generatoren sind nicht hier, um sich Sorgen um die Zukunft zu machen. Ihre richtige Zukunft wird automatisch kommen, wenn sie im \"Jetzt\" darauf reagieren, was das Leben ihnen gibt.\r\n\r\n&nbsp;\r\n\r\nGeneratoren mit ihren enormen Energieressourcen sind auch hier, um die Beherrschung des Lebens zu erlangen. Sie sind hier, um zu meistern, egal ob durch das richtige Engagement oder Erwiderung.\r\n\r\n&nbsp;\r\n\r\nEin gro\u00dfes Zeichen, auf das Generatoren als Hinweis achten sollten, ob sie richtig reagieren und richtig arbeiten, ist \"Synchronit\u00e4t\". Dinge beginnen einfach magisch zu geschehen oder erscheinen automatisch in ihrem Leben. Sie scheinen Gl\u00fcck zu haben.\r\n\r\n&nbsp;\r\n\r\nEs ist durchaus m\u00f6glich, dass jene Generatoren, die ohne Bezug zu ihrem Sakralzentrum aus sich heraus gegangen sind und sich manifestiert haben, in der Tat erfolgreich sein m\u00f6gen, aber sie sind selten gl\u00fccklich, zufrieden oder f\u00fchlen sich erf\u00fcllt.\r\n\r\n&nbsp;\r\n\r\nGeneratoren finden sich oft in Projekten beteiligt oder f\u00fchlen sind jemandem oder etwas verpflichtet, das nicht wirklich von Interesse ist oder ihnen Erf\u00fcllung bringt. Sie tun es nur, weil es so scheint, dass jemand es tun muss und sie sind derjenige mit der Energie! Nat\u00fcrlich werden sie sehr frustriert, da sie der Sklave f\u00fcr jemand anderen sind und ihre Macht an alle verschenken, die fragen.\r\n\r\n&nbsp;\r\n\r\nDie einfache, aber tiefgr\u00fcndige Lektion f\u00fcr alle Generatoren ist es, von sich selbst aus zu wissen, wem und was sie sich verpflichten werden. Es muss betont werden, dass Generatoren von Anfang an wissen m\u00fcssen, ob sie sich engagieren werden oder nicht, denn sobald sie ihre betr\u00e4chtliche Energie zu etwas oder jemandem verpflichtet haben, gibt es kein Zur\u00fcck mehr ohne erhebliche Frustration und Unannehmlichkeiten.\r\n\r\n&nbsp;\r\n\r\nGeneratoren haben einen \"An\"-Schalter, aber keinen \"Aus\"-Schalter. Wenn sie nach ein paar Minuten feststellen, dass sie gerade jemandem oder etwas zugesagt haben, das nicht wirklich zu ihnen passt, ist es zu sp\u00e4t, um aufzuh\u00f6ren. Dieses Sakralzentrum muss bis zur Vollendung folgen,sobald es irgendeine Art von Schwung hat. Aber wenn der Generator verzweifelt versucht, es zu stoppen und aufh\u00f6rt, befindet er sich in der Regel in Aufruhr. Das allerletzte Mittel f\u00fcr einen Generator ist das Beenden.\r\n\r\n&nbsp;\r\n\r\nDie Bedeutung des Sakralzentrums f\u00fcr einen Generator kann nicht \u00fcberbetont werden. Seine Strategie f\u00fcr das richtige Leben kommt davon, wie dieses Sakralzentrum wirklich entwickelt ist, um zu funktionieren.\r\n\r\n&nbsp;\r\n\r\nDas Sakralzentrum kann im Moment nur mit einem \"Ja\" oder \"Nein\" antworten. Es verwendet keine Worte, um diese Antworten zu vermitteln. Es liefert Ger\u00e4usche aus der Tiefe des Magenbereichs. Diese Ger\u00e4usche sind wie Grunzen oder Knurren, die, wenn er diesen \"Ja\" oder \"Nein\" Klang interpretieren kann, den Generator dazu bringt, richtige Entscheidungen f\u00fcr sein Leben zu treffen.\r\n\r\n&nbsp;\r\n\r\nDie Generatoren-Aufgabe ist es, zu beginnen, diese sakralen Grunzlaute zu bemerken und zu erkennen, dass diese sein Reaktionsmechanismus sind. Die Generator-Strategie f\u00fcr das Leben ist zu warten, um zu reagieren.\r\n\r\n&nbsp;\r\n\r\nEinige Generatoren werden verwirrt sein wegen des Wortes \"warten\", aber wenn sie wach sind und alles bemerken, was um sie herum vor sich geht, bedeutet warten einfach, auf ihre sakrale Antwort zu h\u00f6ren, bevor sie handeln\r\n\r\n&nbsp;\r\n\r\nF\u00fcr alle Generatoren ist dies der Schl\u00fcssel, um ihr ganzes Leben zu \u00e4ndern, sodass sie genau so leben, wer sie sind, ohne die kostbare Kraft des Sakralzentrums zu verschwenden.\r\n\r\n&nbsp;\r\n\r\nWenn der Generator seine sakrale Antwort findet, kann er das \"Ja\" oder \"Nein\" erhalten, das notwendig ist, damit er mit seinem Leben vorankommt. Diese Antwort kann in Form eines Grinsens kommen oder es kann nur ein Gef\u00fchl, ein Hochziehen einer Braue oder eine Deflation sein. Der Generator muss mit seiner sakralen Reaktion sehr vertraut sein, und er braucht Zeit, um es einzubuchen. Die Antwort kann nicht sofort kommen.\r\n\r\n&nbsp;\r\n\r\nAlle Generatoren erreichen ein Niveau, an dem sie stecken bleiben. Sie sp\u00fcren eine Barriere und kehren manchmal zur\u00fcck. Wenn sie richtig reagieren, dann ist es wichtig, dass sie diese Barriere durchdringen, um zum n\u00e4chsten Level gelangen zu k\u00f6nnen. Es ist fast so, als ob es ein Test ist, sodass sie die M\u00f6glichkeit haben, ihr Sakralzentrum wieder zu fragen, ob dies das ist, was sie wirklich wollen. Wenn sie die Barriere durchbrechen, best\u00e4tigen sie, dass sie auf dem richtigen Weg sind.\r\n\r\n&nbsp;\r\n\r\nGeneratoren sind die Arbeiter und k\u00f6nnen Sklaven werden, wenn sie nicht auf ihr Sakralzentrum h\u00f6ren. Ein Manifestor wird immer initiieren und erwarten, dass der Generator ein \"Macher\" ist. Ein Projektor wird versuchen, auf \u00e4hnliche Weise an dieser Generatorleistung festzumachen.\r\n\r\n&nbsp;\r\n\r\nAlso, Generatoren m\u00fcssen daran denken, mit ihrem Sakralzentrum zu \u00fcberpr\u00fcfen, bevor sie zustimmen, nur zu tun, was der Manifestor, Projektor oder jede andere Art vorschl\u00e4gt. Sie m\u00fcssen sich bewusstwerden und aufh\u00f6ren, vom \"Autopiloten\" zu leben. Deshalb gilt der Generator alsnat\u00fcrlicher Sklave. Sie schlafen, um ihre Energie an alle anderen zu verschenken, anstatt auf ihre innere Weisheit zu h\u00f6ren, ihr Sakralzentrum.\r\n\r\n&nbsp;\r\n\r\nDie meisten Generatoren leben eine sich wiederholende M\u00fche des allt\u00e4glichen Trotts, stampfend, nur um ihren Lebensunterhalt zu verdienen. Aber sie haben immer eine nagende Unzufriedenheit und Frustration in sich, dass sie f\u00fcr einen anderen Zweck bestimmt sind.\r\n\r\n&nbsp;\r\n\r\nAlles, was ein Generator tun muss, ist richtig zu reagieren und ihr Zweck wird sie finden.\r\n\r\n&nbsp;\r\n\r\n<hr \/>\r\n\r\n<!-- <a style=\"font-size: 13px; text-align: center;\" href=\"\/human-design-services\/\"><img class=\"alignnone size-full wp-image-3816\" style=\"opacity: 0.9; float: right;\" title=\"Unlock Your Potential - Click Here\" src=\"https:\/\/www.geneticmatrix.com\/wp-content\/uploads\/2012\/09\/gmkey.png\" alt=\"\" width=\"139\" height=\"69\" \/><\/a> -->\r\n\r\n&nbsp;\r\n\r\n&nbsp;\r\n\r\n<\/div>\r\n<\/div>\r\n<\/div>\r\n<div class=\"r_content right mar_top\"><\/div>\r\n<div class=\"clear\"><\/div>\r\n<\/div>","protected":false},"excerpt":{"rendered":"<p>Zuhause \u00bb informationszentrum \u00bbTypes \u00bb Human Design &#8211; Der Manifestierende Generator Human Design &#8211; Der Manifestierende Generator Manifestierende Generatoren machen 32% der Weltbev\u00f6lkerung aus. Manifestierende Generatoren sind so konzipiert, dass sie auf das Leben reagieren, bevor sie Energie einf\u00fchren. Der einzige reine Manifestierende Generator ist der, dessen Kan\u00e4le 20 &#8211; 34 aktiviert sind. Alle anderen&hellip; <a class=\"more-link\" href=\"https:\/\/www.gmtxdev.com\/de\/human-design-der-manifestierende-generator\/\"><span class=\"screen-reader-text\">Human Design &#8211; Der Manifestierende Generator<\/span> weiterlesen<\/a><\/p>\n","protected":false},"author":1,"featured_media":0,"parent":0,"menu_order":0,"comment_status":"closed","ping_status":"closed","template":"","meta":{"footnotes":""},"class_list":["post-13140","page","type-page","status-publish","hentry","entry"],"_links":{"self":[{"href":"https:\/\/www.gmtxdev.com\/de\/wp-json\/wp\/v2\/pages\/13140","targetHints":{"allow":["GET"]}}],"collection":[{"href":"https:\/\/www.gmtxdev.com\/de\/wp-json\/wp\/v2\/pages"}],"about":[{"href":"https:\/\/www.gmtxdev.com\/de\/wp-json\/wp\/v2\/types\/page"}],"author":[{"embeddable":true,"href":"https:\/\/www.gmtxdev.com\/de\/wp-json\/wp\/v2\/users\/1"}],"replies":[{"embeddable":true,"href":"https:\/\/www.gmtxdev.com\/de\/wp-json\/wp\/v2\/comments?post=13140"}],"version-history":[{"count":0,"href":"https:\/\/www.gmtxdev.com\/de\/wp-json\/wp\/v2\/pages\/13140\/revisions"}],"wp:attachment":[{"href":"https:\/\/www.gmtxdev.com\/de\/wp-json\/wp\/v2\/media?parent=13140"}],"curies":[{"name":"wp","href":"https:\/\/api.w.org\/{rel}","templated":true}]}}