   
{"id":13106,"date":"2020-10-24T10:24:35","date_gmt":"2020-10-24T10:24:35","guid":{"rendered":"https:\/\/www.geneticmatrixtest.com\/?page_id=13106"},"modified":"2020-11-12T07:26:19","modified_gmt":"2020-11-12T07:26:19","slug":"human-design-hat-die-antworten-fuer-dich","status":"publish","type":"page","link":"https:\/\/www.gmtxdev.com\/de\/human-design-hat-die-antworten-fuer-dich\/","title":{"rendered":"Human Design hat die Antworten f\u00fcr Dich"},"content":{"rendered":"<div id=\"content\">\r\n<div class=\"test_page\">\r\n<div class=\"breadcam\"><a href=\"\/\">Zuhause<\/a> \u00bb Human Design hat die Antworten f\u00fcr Dich<\/div>\r\n<div class=\"humen-design-answers\">\r\n<h2>Human Design hat die Antworten f\u00fcr Dich<\/h2>\r\n<div class=\"image-center times-image\"><img src=\"https:\/\/www.geneticmatrix.com\/wp-content\/themes\/twentyten\/images\/theanswers.jpg\" alt=\"\" \/><\/div>\r\n<div class=\"challange-mind-chart\">\r\n\r\nWir sind oft alle auf viele Arten herausgefordert, die manchmal nie enden zu wollen scheinen.\r\n\r\nF\u00fcr die meisten Menschen geht es im Leben darum, herauszufinden, zu lernen, wie man\r\n\r\n\"nach den Regeln spielt\", zu versuchen, \"die Dinge logisch durchzudenken\",\r\n\r\nnur damit wir inneren haben k\u00f6nnen.\r\n\r\nFrieden und Freude\r\n\r\n<\/div>\r\n<div class=\"image-center\"><img src=\"https:\/\/www.geneticmatrix.com\/wp-content\/themes\/twentyten\/images\/talkingheads.jpg\" alt=\"\" \/><\/div>\r\n<div class=\"freedom-offers\">\r\n<div class=\"image-left\"><img src=\"https:\/\/www.geneticmatrix.com\/wp-content\/themes\/twentyten\/images\/White water Rafting.jpg\" alt=\"\" \/><\/div>\r\n<div class=\"text-center\">\r\n\r\nDie Freiheit, die uns Human Design bietet, ist, unsere INNEREN Quellen f\u00fcr den Erfolg zu lernen und dem zu folgen, was wir in uns h\u00f6ren. Sobald wir beginnen, wirklich zu leben, wer wir sein sollen, wird das Leben viel einfacher.Wir sind nicht mehr der Lachs, der flussaufw\u00e4rts schwimmt, um zu laichen (es sei denn, wir w\u00e4hlen diesen Kurs f\u00fcr den unterhaltsamen Aspekt der Herausforderung).Wir erkennen mehr und mehr, dass wir flussabw\u00e4rts schwimmen k\u00f6nnen, um mehr Gl\u00fcck und Frieden auf dem Weg zu finden - und trotzdem \u201cdort hingelangen, wohin wir gehen\" (aber in einer viel besseren Gem\u00fctsverfassung!).\r\n\r\n<\/div>\r\n<div class=\"image-right\"><img src=\"https:\/\/www.geneticmatrix.com\/wp-content\/themes\/twentyten\/images\/raft-floating.jpg\" alt=\"\" \/><\/div>\r\n<\/div>\r\n<h2 style=\"text-transform: capitalize; margin-bottom: 0; text-align: left;\">Wie ist das m\u00f6glich?<\/h2>\r\n<div class=\"just-doit man-yoga\">\r\n<div class=\"text-left-align\">\r\n\r\nHuman Design ist in der Lage, uns unseren eigenen inneren Mechanismus zu zeigen, um auf das zu h\u00f6ren, was speziell f\u00fcr unser individuelles Selbst richtig ist. Wir alle sind anders gestaltet mit unserer eigenen Art, auf diesen inneren Mechanismus zu h\u00f6ren, so dass wir anfangen zu wissen, worauf wir achten m\u00fcssen und was die beste Vorgehensweise f\u00fcr uns ist (oder nicht).\r\n\r\n<\/div>\r\n<div class=\"just-image-left\"><img src=\"https:\/\/www.geneticmatrix.com\/wp-content\/themes\/twentyten\/images\/yoga.jpg\" alt=\"\" \/><\/div>\r\n<\/div>\r\n<div class=\"just-doit bodygraph\">\r\n<div class=\"just-image-left\" style=\"text-align: left;\"><img style=\"width: 375px; height: 375px;\" src=\"https:\/\/www.geneticmatrix.com\/wp-content\/themes\/twentyten\/images\/bodygraph.jpg\" alt=\"\" \/><\/div>\r\n<div class=\"text-left-align\">\r\n\r\nDies geschieht \u00fcber ein Diagramm (auch Bodygraph genannt) basierend auf der Geburtszeit und erkl\u00e4rt genau das einzigartige genetisches Design - eine \"Landkarte\u201d zu wem wir werden mussten in unserem Leben.\r\n\r\n<\/div>\r\n<\/div>\r\n<p style=\"text-align: center; clear: both;\">Je nach Geburtszeit sind wir jeweils ein bestimmter \"Typ\u201d, der eine Aura \u00fcber uns erzeugt, die darauf ausgelegt ist, auf spezifische Weise mit der Welt zu interagieren.<\/p>\r\n\r\n<div class=\"freedom-offers trafic-bar\">\r\n<div class=\"image-left\"><img src=\"https:\/\/www.geneticmatrix.com\/wp-content\/themes\/twentyten\/images\/justdoit.jpg\" alt=\"\" \/><\/div>\r\n<div class=\"text-center\">\r\n<p style=\"margin-top: 0;\">Jeder \"Typ\" hat eine spezifische Strategie, die im Leben zu verfolgen ist, um die gr\u00f6\u00dfte Leichtigkeit und den geringsten Widerstand zu schaffen. Einige von uns sind so konzipiert, dass sie initiieren (Nike\u2019s \u201cJust Do It\u201d), w\u00e4hrend andere am besten funktionieren, wenn sie warten und die Gelegenheiten zu ihnen kommen (es gibt auch andere Typen und Strategien).<\/p>\r\nWir sind alle mit einer inneren \u201cAutorit\u00e4t\u201d geboren, die den besten Zeitpunkt und die besten Wege, Entscheidungen zu f\u00e4llen, bestimmt. Sei es ein Gef\u00fchl im Inneren, eine emotionale Welle, eine automatische gutturale Reaktion, etc. Wenn wir diese \u201cAutorit\u00e4t\u201d lernen, erkennen die meisten von uns, dass wir sie schon einmal im Leben benutzt haben, wenn es gut l\u00e4uft.\r\n\r\n<\/div>\r\n<div class=\"image-right\"><img src=\"https:\/\/www.geneticmatrix.com\/wp-content\/themes\/twentyten\/images\/traffic lights.jpg\" alt=\"\" \/><\/div>\r\n<\/div>\r\n<div class=\"just-doit just-beyourself\">\r\n<div class=\"just-image-left\" style=\"text-align: left;\"><img style=\"width: 375px; height: 375px;\" src=\"https:\/\/www.geneticmatrix.com\/wp-content\/themes\/twentyten\/images\/justbeyourself.jpg\" alt=\"\" \/><\/div>\r\n<div class=\"text-left-align\">\r\n\r\nBewusstes Lernen unseres eigenen Designs ist eine Erleichterung. Es hilft uns, unser Selbst und unser Leben zu verstehen und gibt uns die Schl\u00fcssel, unser Leben erfolgreicher zu f\u00fchren. Wir m\u00fcssen uns nicht fragen, ob \"etwas falsch mit uns ist\", das uns zu Entscheidungen f\u00fchrt, die uns nicht dienen.\r\n\r\nBegr\u00fcndet in der Erkenntnis und dem Leben der Wahrheit des wahren Selbst w\u00e4chst die Akzeptanz, dass wir mit dem Leben umgehen k\u00f6nnen, ohne zu denken, dass alle anderen die Antworten haben. Wir nehmen das Bed\u00fcrfnis unseres Geistes nach Logik wahr und anstatt ihm zuzuh\u00f6ren, schauen wir nach innen nach dem, was unser \"echtes\" Selbst ist \u2013 nach dem, was sich \"richtig\" anf\u00fchlt.\r\n\r\n<\/div>\r\n<\/div>\r\n<div class=\"just-doit manwithdog\" style=\"padding-bottom: 20px; margin: 10px 0 0;\">\r\n<div class=\"text-left-align\" style=\"margin: 18px 60px 0 0;\">\r\n\r\nDie \u00c4ngste beginnen zu schwinden. Es gibt nichts \u201cherauszufinden\", sobald wir unser eigenes einzigartiges Design lernen und wie wir am besten auf das Leben reagieren k\u00f6nnen. Es bleibt nur noch, das Leben voll zu leben und die Erfahrung zu genie\u00dfen, wer wir sein sollen.\r\n<p style=\"font-size: 17px; font-weight: bold;\">Wei\u00dft du, wer Du bist? Wei\u00dft Du, was Du bist? Human Design ist die Antwort. Es wird Dir sagen, was Du wissen m\u00f6chtest. Es hat die Antworten f\u00fcr Dich.<\/p>\r\n\r\n<\/div>\r\n<div class=\"just-image-left\"><img src=\"https:\/\/www.geneticmatrix.com\/wp-content\/themes\/twentyten\/images\/manwithdog.jpg\" alt=\"\" \/><\/div>\r\n<\/div>\r\n<\/div>\r\n<\/div>\r\n<div style=\"clear: both;\"><\/div>\r\n<\/div>","protected":false},"excerpt":{"rendered":"<p>Zuhause \u00bb Human Design hat die Antworten f\u00fcr Dich Human Design hat die Antworten f\u00fcr Dich Wir sind oft alle auf viele Arten herausgefordert, die manchmal nie enden zu wollen scheinen. F\u00fcr die meisten Menschen geht es im Leben darum, herauszufinden, zu lernen, wie man &#8222;nach den Regeln spielt&#8220;, zu versuchen, &#8222;die Dinge logisch durchzudenken&#8220;,&hellip; <a class=\"more-link\" href=\"https:\/\/www.gmtxdev.com\/de\/human-design-hat-die-antworten-fuer-dich\/\"><span class=\"screen-reader-text\">Human Design hat die Antworten f\u00fcr Dich<\/span> weiterlesen<\/a><\/p>\n","protected":false},"author":1,"featured_media":0,"parent":0,"menu_order":0,"comment_status":"closed","ping_status":"closed","template":"","meta":{"footnotes":""},"class_list":["post-13106","page","type-page","status-publish","hentry","entry"],"_links":{"self":[{"href":"https:\/\/www.gmtxdev.com\/de\/wp-json\/wp\/v2\/pages\/13106","targetHints":{"allow":["GET"]}}],"collection":[{"href":"https:\/\/www.gmtxdev.com\/de\/wp-json\/wp\/v2\/pages"}],"about":[{"href":"https:\/\/www.gmtxdev.com\/de\/wp-json\/wp\/v2\/types\/page"}],"author":[{"embeddable":true,"href":"https:\/\/www.gmtxdev.com\/de\/wp-json\/wp\/v2\/users\/1"}],"replies":[{"embeddable":true,"href":"https:\/\/www.gmtxdev.com\/de\/wp-json\/wp\/v2\/comments?post=13106"}],"version-history":[{"count":0,"href":"https:\/\/www.gmtxdev.com\/de\/wp-json\/wp\/v2\/pages\/13106\/revisions"}],"wp:attachment":[{"href":"https:\/\/www.gmtxdev.com\/de\/wp-json\/wp\/v2\/media?parent=13106"}],"curies":[{"name":"wp","href":"https:\/\/api.w.org\/{rel}","templated":true}]}}