   
{"id":13051,"date":"2020-10-23T09:31:48","date_gmt":"2020-10-23T09:31:48","guid":{"rendered":"https:\/\/www.geneticmatrixtest.com\/?page_id=13051"},"modified":"2020-11-13T12:08:12","modified_gmt":"2020-11-13T12:08:12","slug":"home","status":"publish","type":"page","link":"https:\/\/www.gmtxdev.com\/de\/","title":{"rendered":"Home"},"content":{"rendered":"<?php if (isset($_SESSION['client_id'])) {\r\n    $logged = 1;\r\n} else {\r\n    $logged = 0;\r\n}\r\n$lang= (ICL_LANGUAGE_CODE == 'pt-pt') ? 'pt' : ICL_LANGUAGE_CODE;\r\n?>\r\n<div style=\"width: 717px; margin: auto !important;\">\r\n<div class=\"left content_line\">\r\n<\/div>\r\n<\/div>\r\n<div class=\"clear\"><\/div>\r\n<div class=\"content_topboxs_outer\" style=\"margin-top:-40px\" <?php if ($logged==1) {\r\n    echo 'style=\"width:717px; margin-top:-40px\"';\r\n} ?>>\r\n<!--\r\n<div class=\"content_topboxs left red\" style=\"\/*width: auto;*\/\"> -->\r\n<!--?php \/\/echo do_shortcode('[celebritySearchBox]');?-->\r\n<!--\r\n<h3 class=\"order__heading\">Order Your Reading<\/h3>\r\n-->\r\n<!--\r\n<div class=\"home_page_diagrams\">\r\n<div>\r\n\r\n<button type=\"submit\" class=\"services_circle\" onclick=\"location.href='<?php echo home_url();?>\/complete-foundation-service\/'\">\r\n\r\nFoundation Reading\r\n\r\n<\/button><\/div>\r\n<div class=\"second_line services_square_one\">\r\n\r\n<button type=\"submit\" class=\"services_square services_lightBlue\" onclick=\"location.href='<?php echo home_url();?>\/solar-return-reading\/'\">\r\n\r\nSolar Return Reading\r\n\r\n<\/button><\/div>\r\n<div class=\"second_line services_square_two\">\r\n\r\n<button type=\"submit\" class=\"services_square services_yellow\" onclick=\"location.href='<?php echo home_url();?>\/connection-reading\/'\">\r\n\r\nConnection Reading\r\n\r\n<\/button><\/div>\r\n<\/div>\r\n<span><a href=\"\/services\/\" class=\"_morelink\">More<\/a><\/span><\/div>\r\n-->\r\n<div class=\"content_topboxs left red ct_chart\" style=\"margin-top: -10px !important;\"><object id=\"svgObject\" style=\"margin-top: 8px;\" data=\"\/wp-content\/themes\/twentyten\/assets\/chart_svg.php?chart_id=0&ver=0&type=freeNowAstro&lvl=3&lang=<?php echo $lang?>&page=home\" type=\"image\/svg+xml\" width=\"100%\" height=\"100%\" align=\"middle\" data-mce-fragment=\"1\"><\/object><\/div>\r\n<div class=\"clear\"><\/div>\r\n<\/div>\r\n<div class=\"l_content left\">\r\n<div class=\"l_content_why_total\">\r\n<h3>Was werde ich sonst noch erfahren?<\/h3>\r\n<div class=\"l_content_why\">\r\n<div class=\"l_content_why_padd\"><img class=\"alignleft size-full wp-image-13077\" src=\"\/wp-content\/uploads\/2012\/08\/Human-design-front4.jpg\" alt=\"human-design-system\" width=\"208\" height=\"137\" \/><\/div>\r\n<\/div>\r\nWas w\u00fcrdest Du sehen, wenn Du Dein eigenes Leben durch eine Lupe sehen w\u00fcrdest? F\u00fchlst Du Dich in Deinen Beziehungen im gleichen alten Muster gefangen? Das gleiche alte Spiel? Es erwirkt den Anschein, dass Du nichts \u00e4ndern kannst und nichts scheint jemals zu funktionieren<a href=\"\/de\/was-werde-ich-sonst-noch-erfahren\/\">Weiterlesen<\/a>\r\n\r\n<\/div>\r\n<div class=\"clear\"><\/div>\r\n<div class=\"l_content_why_total\">\r\n<h3>Human Design hat die Antworten f\u00fcr Sie.<\/h3>\r\n<div class=\"l_content_why\">\r\n<div class=\"l_content_why_padd\"><img class=\"alignleft size-full wp-image-13076\" src=\"\/wp-content\/uploads\/2012\/08\/Human-design-front3.jpg\" alt=\"human-design-system\" width=\"208\" height=\"137\" \/><\/div>\r\n<\/div>\r\nWir alle werden auf unz\u00e4hlige Arten herausgefordert, die manchmal nie zu enden scheinen. F\u00fcr die meisten Menschen geht es im Leben darum, es herauszufinden. lernen, wie man nach den Regeln spielt; versuchen, die Dinge logisch durchzudenken, nur damit wir inneren Frieden und Freude haben k\u00f6nnen.<a href=\"\/de\/human-design-hat-die-antworten-fuer-dich\/\">Weiterlesen<\/a>\r\n\r\n<\/div>\r\n<div class=\"clear\"><\/div>\r\n<div class=\"clear\"><\/div>\r\n<\/div>\r\n<div class=\"r_content right\"><\/div>\r\n<div class=\"r_content right\">[people]<\/div>\r\n<div class=\"r_content right\"><\/div>\r\n<div class=\"clear\"><\/div>\r\n<\/div>\r\n","protected":false},"excerpt":{"rendered":"","protected":false},"author":1,"featured_media":0,"parent":0,"menu_order":0,"comment_status":"closed","ping_status":"closed","template":"template-home.php","meta":{"footnotes":""},"class_list":["post-13051","page","type-page","status-publish","hentry","entry"],"_links":{"self":[{"href":"https:\/\/www.gmtxdev.com\/de\/wp-json\/wp\/v2\/pages\/13051","targetHints":{"allow":["GET"]}}],"collection":[{"href":"https:\/\/www.gmtxdev.com\/de\/wp-json\/wp\/v2\/pages"}],"about":[{"href":"https:\/\/www.gmtxdev.com\/de\/wp-json\/wp\/v2\/types\/page"}],"author":[{"embeddable":true,"href":"https:\/\/www.gmtxdev.com\/de\/wp-json\/wp\/v2\/users\/1"}],"replies":[{"embeddable":true,"href":"https:\/\/www.gmtxdev.com\/de\/wp-json\/wp\/v2\/comments?post=13051"}],"version-history":[{"count":0,"href":"https:\/\/www.gmtxdev.com\/de\/wp-json\/wp\/v2\/pages\/13051\/revisions"}],"wp:attachment":[{"href":"https:\/\/www.gmtxdev.com\/de\/wp-json\/wp\/v2\/media?parent=13051"}],"curies":[{"name":"wp","href":"https:\/\/api.w.org\/{rel}","templated":true}]}}